{"id":4559,"date":"2023-11-06T21:27:46","date_gmt":"2023-11-06T21:27:46","guid":{"rendered":"https:\/\/clausvonbenz-03919201.wptestserver.de\/?page_id=4559"},"modified":"2023-11-06T21:51:19","modified_gmt":"2023-11-06T21:51:19","slug":"matriculacion-de-vehiculos-e-itv-tuev","status":"publish","type":"page","link":"https:\/\/claus-von-benz.com\/es\/mallorca-insights\/matriculacion-de-vehiculos-e-itv-tuev\/","title":{"rendered":"Matriculaci\u00f3n de veh\u00edculos e ITV (Inspecci\u00f3n T\u00e9cnica de Veh\u00edculos)"},"content":{"rendered":"<div data-elementor-type=\"wp-post\" data-elementor-id=\"4559\" class=\"elementor elementor-4559\" data-elementor-post-type=\"page\">\n\t\t\t\t\t\t<section class=\"elementor-section elementor-top-section elementor-element elementor-element-ff26425 elementor-section-boxed elementor-section-height-default elementor-section-height-default\" data-id=\"ff26425\" data-element_type=\"section\">\n\t\t\t\t\t\t<div class=\"elementor-container elementor-column-gap-default\">\n\t\t\t\t\t<div class=\"elementor-column elementor-col-100 elementor-top-column elementor-element elementor-element-7f5ddf5\" data-id=\"7f5ddf5\" data-element_type=\"column\">\n\t\t\t<div class=\"elementor-widget-wrap elementor-element-populated\">\n\t\t\t\t\t\t<div class=\"elementor-element elementor-element-735a5de elementor-widget elementor-widget-spacer\" data-id=\"735a5de\" data-element_type=\"widget\" data-widget_type=\"spacer.default\">\n\t\t\t\t<div class=\"elementor-widget-container\">\n\t\t\t\t\t\t\t<div class=\"elementor-spacer\">\n\t\t\t<div class=\"elementor-spacer-inner\"><\/div>\n\t\t<\/div>\n\t\t\t\t\t\t<\/div>\n\t\t\t\t<\/div>\n\t\t\t\t<div class=\"elementor-element elementor-element-7879b5f elementor-widget elementor-widget-text-editor\" data-id=\"7879b5f\" data-element_type=\"widget\" data-widget_type=\"text-editor.default\">\n\t\t\t\t<div class=\"elementor-widget-container\">\n\t\t\t\t\t\t\t\t\t<p><a href=\"https:\/\/claus-von-benz.com\/es\/mallorca-insights\/\">&gt; Volver a Mallorca Insights<\/a><\/p>\t\t\t\t\t\t\t\t<\/div>\n\t\t\t\t<\/div>\n\t\t\t\t<div class=\"elementor-element elementor-element-349a026 elementor-widget elementor-widget-heading\" data-id=\"349a026\" data-element_type=\"widget\" data-widget_type=\"heading.default\">\n\t\t\t\t<div class=\"elementor-widget-container\">\n\t\t\t\t\t<h2 class=\"elementor-heading-title elementor-size-default\">Matriculaci\u00f3n de veh\u00edculos e ITV (Inspecci\u00f3n T\u00e9cnica de Veh\u00edculos)<\/h2>\t\t\t\t<\/div>\n\t\t\t\t<\/div>\n\t\t\t\t<div class=\"elementor-element elementor-element-a9aecd3 elementor-widget elementor-widget-heading\" data-id=\"a9aecd3\" data-element_type=\"widget\" data-widget_type=\"heading.default\">\n\t\t\t\t<div class=\"elementor-widget-container\">\n\t\t\t\t\t<h5 class=\"elementor-heading-title elementor-size-default\">Una gu\u00eda<\/h5>\t\t\t\t<\/div>\n\t\t\t\t<\/div>\n\t\t\t\t<div class=\"elementor-element elementor-element-09fa90c elementor-widget elementor-widget-spacer\" data-id=\"09fa90c\" data-element_type=\"widget\" data-widget_type=\"spacer.default\">\n\t\t\t\t<div class=\"elementor-widget-container\">\n\t\t\t\t\t\t\t<div class=\"elementor-spacer\">\n\t\t\t<div class=\"elementor-spacer-inner\"><\/div>\n\t\t<\/div>\n\t\t\t\t\t\t<\/div>\n\t\t\t\t<\/div>\n\t\t\t\t<div class=\"elementor-element elementor-element-6efba26 elementor-widget elementor-widget-text-editor\" data-id=\"6efba26\" data-element_type=\"widget\" data-widget_type=\"text-editor.default\">\n\t\t\t\t<div class=\"elementor-widget-container\">\n\t\t\t\t\t\t\t\t\t<p data-wp-editing=\"1\">Mallorca, la mayor de las Islas Baleares, es uno de los destinos favoritos de muchos que deciden trasladarse permanentemente o tener una segunda residencia. Si piensa traer su coche o comprar uno en la isla, es importante que se informe sobre el proceso de matriculaci\u00f3n. He aqu\u00ed un breve resumen de lo que necesita saber:<\/p>\t\t\t\t\t\t\t\t<\/div>\n\t\t\t\t<\/div>\n\t\t\t\t\t<\/div>\n\t\t<\/div>\n\t\t\t\t\t<\/div>\n\t\t<\/section>\n\t\t\t\t<section class=\"elementor-section elementor-top-section elementor-element elementor-element-abf8b23 elementor-section-boxed elementor-section-height-default elementor-section-height-default\" data-id=\"abf8b23\" data-element_type=\"section\">\n\t\t\t\t\t\t<div class=\"elementor-container elementor-column-gap-default\">\n\t\t\t\t\t<div class=\"elementor-column elementor-col-100 elementor-top-column elementor-element elementor-element-62931cf\" data-id=\"62931cf\" data-element_type=\"column\">\n\t\t\t<div class=\"elementor-widget-wrap elementor-element-populated\">\n\t\t\t\t\t\t<div class=\"elementor-element elementor-element-0057bfa elementor-widget elementor-widget-image\" data-id=\"0057bfa\" data-element_type=\"widget\" data-widget_type=\"image.default\">\n\t\t\t\t<div class=\"elementor-widget-container\">\n\t\t\t\t\t\t\t\t\t\t\t\t\t\t\t<img fetchpriority=\"high\" decoding=\"async\" width=\"1440\" height=\"500\" src=\"https:\/\/claus-von-benz.com\/wp-content\/uploads\/2023\/11\/mallorca_insights_autoanmeldung-itv.jpg\" class=\"attachment-full size-full wp-image-4561\" alt=\"mallorca insights car registration itv Inmobiliaria Mallorca - Inmuebles de lujo, fincas y pisos de lujo en venta en Mallorca - Claus von Benz Inmobiliaria Mallorca\" srcset=\"https:\/\/claus-von-benz.com\/wp-content\/uploads\/2023\/11\/mallorca_insights_autoanmeldung-itv.jpg 1440w, https:\/\/claus-von-benz.com\/wp-content\/uploads\/2023\/11\/mallorca_insights_autoanmeldung-itv-300x104.jpg 300w, https:\/\/claus-von-benz.com\/wp-content\/uploads\/2023\/11\/mallorca_insights_autoanmeldung-itv-1024x356.jpg 1024w, https:\/\/claus-von-benz.com\/wp-content\/uploads\/2023\/11\/mallorca_insights_autoanmeldung-itv-768x267.jpg 768w, https:\/\/claus-von-benz.com\/wp-content\/uploads\/2023\/11\/mallorca_insights_autoanmeldung-itv-496x172.jpg 496w\" sizes=\"(max-width: 1440px) 100vw, 1440px\" \/>\t\t\t\t\t\t\t\t\t\t\t\t\t\t\t<\/div>\n\t\t\t\t<\/div>\n\t\t\t\t<div class=\"elementor-element elementor-element-2bce3fb elementor-widget elementor-widget-houzez_elementor_space\" data-id=\"2bce3fb\" data-element_type=\"widget\" data-widget_type=\"houzez_elementor_space.default\">\n\t\t\t\t<div class=\"elementor-widget-container\">\n\t\t\t\t\t        <div class=\"houzez-spacer\">\n            <div class=\"houzez-spacer-inner\"><\/div>\n        <\/div>\n        \t\t\t\t<\/div>\n\t\t\t\t<\/div>\n\t\t\t\t\t<\/div>\n\t\t<\/div>\n\t\t\t\t\t<\/div>\n\t\t<\/section>\n\t\t\t\t<section class=\"elementor-section elementor-top-section elementor-element elementor-element-abca353 elementor-section-boxed elementor-section-height-default elementor-section-height-default\" data-id=\"abca353\" data-element_type=\"section\">\n\t\t\t\t\t\t<div class=\"elementor-container elementor-column-gap-default\">\n\t\t\t\t\t<div class=\"elementor-column elementor-col-100 elementor-top-column elementor-element elementor-element-cbccaac\" data-id=\"cbccaac\" data-element_type=\"column\">\n\t\t\t<div class=\"elementor-widget-wrap elementor-element-populated\">\n\t\t\t\t\t\t<div class=\"elementor-element elementor-element-ff5b22e elementor-widget elementor-widget-text-editor\" data-id=\"ff5b22e\" data-element_type=\"widget\" data-widget_type=\"text-editor.default\">\n\t\t\t\t<div class=\"elementor-widget-container\">\n\t\t\t\t\t\t\t\t\t<p><strong>1. \u00bfpor qu\u00e9 matricular un coche en Mallorca?<\/strong><br \/>Si est\u00e1 empadronado en Mallorca, s\u00f3lo puede conducir veh\u00edculos con matr\u00edcula espa\u00f1ola. El incumplimiento puede acarrear fuertes multas y la inmovilizaci\u00f3n del veh\u00edculo hasta su nueva matriculaci\u00f3n. Los no residentes que no pagan sus impuestos en Espa\u00f1a pueden conducir con matr\u00edculas extranjeras. Sin embargo, es importante presentar un certificado de residencia traducido al espa\u00f1ol de la Agencia Tributaria local. Fuente<\/p><p><strong>2. el proceso de matriculaci\u00f3n de veh\u00edculos<\/strong><\/p><ul><li><strong>Obtenci\u00f3n del \"Certificado de caracter\u00edsticas\":<\/strong> Este certificado lo expide el concesionario del veh\u00edculo o un taller autorizado sobre la base del documento de matriculaci\u00f3n del veh\u00edculo\/certificado de conformidad de la UE.<\/li><li><strong>Aceptaci\u00f3n t\u00e9cnica:<\/strong> Su coche debe ser inspeccionado por la ITV espa\u00f1ola (Inspecci\u00f3n T\u00e9cnica de Veh\u00edculos).<\/li><li><strong>Impuestos:<\/strong> Tiene que pagar el impuesto de matriculaci\u00f3n de veh\u00edculos importados en la Agencia Tributaria (conocida popularmente como \"Hacienda\") y el impuesto municipal sobre veh\u00edculos de motor.<\/li><li><strong>Autorizaci\u00f3n definitiva:<\/strong> Una vez realizados todos los pasos anteriores, puede matricular su coche en la Direcci\u00f3n General de Tr\u00e1fico (DGT).<\/li><\/ul><p><strong>3. proveedor de servicios de matriculaci\u00f3n de veh\u00edculos<br \/><\/strong>En Mallorca hay varios proveedores de servicios que pueden ayudarle con la matriculaci\u00f3n de su coche. Estaremos encantados de ayudarle a encontrar la persona de contacto adecuada para usted. No dude en ponerse en contacto con nosotros.<\/p><p><strong>4. consejos y trucos<\/strong><\/p><ul><li>Si es residente, debe volver a matricular su coche lo antes posible para evitar sanciones.<\/li><li>Para los no residentes, es aconsejable llevar en el veh\u00edculo un certificado alem\u00e1n\/espa\u00f1ol de la Agencia Tributaria alemana.<\/li><li>Si quiere ahorrarse el papeleo y la burocracia, puede recurrir a los servicios de una Gestor\u00eda especializada en la rematriculaci\u00f3n de veh\u00edculos.<\/li><\/ul><p>Matricular un coche en Mallorca es un proceso largo (suele llevar hasta 3 meses) y puede parecer complicado al principio, pero con la preparaci\u00f3n y el apoyo adecuados el proceso puede transcurrir sin problemas. Siempre es recomendable informarse con antelaci\u00f3n y buscar ayuda profesional si es necesario.<\/p>\t\t\t\t\t\t\t\t<\/div>\n\t\t\t\t<\/div>\n\t\t\t\t\t<\/div>\n\t\t<\/div>\n\t\t\t\t\t<\/div>\n\t\t<\/section>\n\t\t\t\t<section class=\"elementor-section elementor-top-section elementor-element elementor-element-359f5db elementor-section-boxed elementor-section-height-default elementor-section-height-default\" data-id=\"359f5db\" data-element_type=\"section\">\n\t\t\t\t\t\t<div class=\"elementor-container elementor-column-gap-default\">\n\t\t\t\t\t<div class=\"elementor-column elementor-col-100 elementor-top-column elementor-element elementor-element-d7f3ab2\" data-id=\"d7f3ab2\" data-element_type=\"column\">\n\t\t\t<div class=\"elementor-widget-wrap elementor-element-populated\">\n\t\t\t\t\t\t<div class=\"elementor-element elementor-element-8762574 elementor-widget elementor-widget-text-editor\" data-id=\"8762574\" data-element_type=\"widget\" data-widget_type=\"text-editor.default\">\n\t\t\t\t<div class=\"elementor-widget-container\">\n\t\t\t\t\t\t\t\t\t<p><strong>Coches de demostraci\u00f3n en la ITV de Mallorca<\/strong><br \/>La ITV (Inspecci\u00f3n T\u00e9cnica de Veh\u00edculos) es el equivalente espa\u00f1ol de la ITV en Alemania. Se trata de una inspecci\u00f3n t\u00e9cnica a la que deben someterse peri\u00f3dicamente todos los veh\u00edculos en Espa\u00f1a para garantizar que cumplen los requisitos t\u00e9cnicos y medioambientales. Si vives en Mallorca o tienes pensado traer tu veh\u00edculo all\u00ed, es importante que te familiarices con el proceso de la ITV. Aqu\u00ed tiene una gu\u00eda detallada:<\/p><p><strong>1 \u00bfPor qu\u00e9 es importante la ITV?<\/strong><br \/>La ITV garantiza que su veh\u00edculo es seguro y respetuoso con el medio ambiente. Pasar la ITV confirma que tu veh\u00edculo cumple la normativa espa\u00f1ola y puede circular por la v\u00eda p\u00fablica.<br \/><br \/><strong>2. \u00bfcon qu\u00e9 frecuencia tengo que presentar mi coche?<\/strong><br \/>La frecuencia de las inspecciones ITV depende de la antig\u00fcedad y el tipo de veh\u00edculo. Por regla general, los veh\u00edculos nuevos deben pasar la ITV despu\u00e9s de los primeros cuatro a\u00f1os, despu\u00e9s cada dos a\u00f1os hasta que cumplan diez a\u00f1os y, a partir de entonces, anualmente.<br \/><br \/><strong>3. \u00bfqu\u00e9 se comprueba durante la ITV?<\/strong><br \/>La ITV revisar\u00e1 diversos aspectos de su veh\u00edculo, como los frenos, la carrocer\u00eda, los retrovisores, las puertas, los cinturones de seguridad, el claxon, las luces, la se\u00f1alizaci\u00f3n y los neum\u00e1ticos. Es importante que su veh\u00edculo est\u00e9 en buen estado y cumpla todas las normativas antes de acudir a la ITV.<br \/><br \/><strong>4. ubicaciones de la ITV en Mallorca<\/strong><br \/>En Mallorca hay varias estaciones de ITV, entre ellas:<\/p><ul><li>Palma I (Pol\u00edgono Son Castell\u00f3)<\/li><li>Palma II (Can Pastilla)<\/li><li>Calvi\u00e0 (Magaluf)<\/li><li>Inca<\/li><li>Manacor<\/li><\/ul><p>Para obtener informaci\u00f3n detallada sobre las ubicaciones exactas y los horarios de apertura, puede visitar el sitio web oficial de ITV.<br \/><br \/><strong>5. consejos para superar con \u00e9xito el examen de la ITV<\/strong><\/p><ul><li>Aseg\u00farese de que todas las luces y se\u00f1ales funcionan.<\/li><li>Comprueba el estado de tus neum\u00e1ticos.<\/li><li>Aseg\u00farate de que no se escapa ning\u00fan l\u00edquido.<\/li><li>Lleve consigo toda la documentaci\u00f3n necesaria, incluido el permiso de circulaci\u00f3n del veh\u00edculo y el \u00faltimo informe de la ITV.<\/li><li>Se recomienda consultar a un mec\u00e1nico antes de la cita de la ITV para asegurarse de que su veh\u00edculo est\u00e1 en las mejores condiciones posibles.<\/li><li>Si su veh\u00edculo cumple todos los requisitos de aptitud para circular seg\u00fan las especificaciones de las autoridades espa\u00f1olas, se puede proceder a la cita previa y al pago anticipado de la tasa de ITV.<\/li><\/ul><p><strong>6. resumen<\/strong><br \/>La ITV es un tr\u00e1mite importante para todos los propietarios de veh\u00edculos en Mallorca. Garantiza que su veh\u00edculo es seguro y respetuoso con el medio ambiente. Si se prepara con antelaci\u00f3n y se asegura de que su veh\u00edculo cumple todos los requisitos, podr\u00e1 pasar f\u00e1cilmente la ITV. Tambi\u00e9n es aconsejable llevar a cabo un mantenimiento regular para asegurarse de que su veh\u00edculo est\u00e1 siempre en las mejores condiciones.<\/p>\t\t\t\t\t\t\t\t<\/div>\n\t\t\t\t<\/div>\n\t\t\t\t\t<\/div>\n\t\t<\/div>\n\t\t\t\t\t<\/div>\n\t\t<\/section>\n\t\t\t\t<section class=\"elementor-section elementor-top-section elementor-element elementor-element-4aaabb8a elementor-section-boxed elementor-section-height-default elementor-section-height-default\" data-id=\"4aaabb8a\" data-element_type=\"section\">\n\t\t\t\t\t\t<div class=\"elementor-container elementor-column-gap-default\">\n\t\t\t\t\t<div class=\"elementor-column elementor-col-100 elementor-top-column elementor-element elementor-element-3f6d0714\" data-id=\"3f6d0714\" data-element_type=\"column\">\n\t\t\t<div class=\"elementor-widget-wrap elementor-element-populated\">\n\t\t\t\t\t\t<div class=\"elementor-element elementor-element-74e6e1cc elementor-widget elementor-widget-houzez_elementor_space\" data-id=\"74e6e1cc\" data-element_type=\"widget\" data-widget_type=\"houzez_elementor_space.default\">\n\t\t\t\t<div class=\"elementor-widget-container\">\n\t\t\t\t\t        <div class=\"houzez-spacer\">\n            <div class=\"houzez-spacer-inner\"><\/div>\n        <\/div>\n        \t\t\t\t<\/div>\n\t\t\t\t<\/div>\n\t\t\t\t<div class=\"elementor-element elementor-element-7ca8b8e4 elementor-widget elementor-widget-heading\" data-id=\"7ca8b8e4\" data-element_type=\"widget\" data-widget_type=\"heading.default\">\n\t\t\t\t<div class=\"elementor-widget-container\">\n\t\t\t\t\t<h2 class=\"elementor-heading-title elementor-size-large\">Mallorca Property &amp; Lifestyle Blog<\/h2>\t\t\t\t<\/div>\n\t\t\t\t<\/div>\n\t\t\t\t<div class=\"elementor-element elementor-element-6e909d31 elementor-widget elementor-widget-heading\" data-id=\"6e909d31\" data-element_type=\"widget\" data-widget_type=\"heading.default\">\n\t\t\t\t<div class=\"elementor-widget-container\">\n\t\t\t\t\t<p class=\"elementor-heading-title elementor-size-medium\">Noticias sobre la vida en Mallorca<\/p>\t\t\t\t<\/div>\n\t\t\t\t<\/div>\n\t\t\t\t<div class=\"elementor-element elementor-element-5758d403 elementor-widget elementor-widget-houzez_elementor_space\" data-id=\"5758d403\" data-element_type=\"widget\" data-widget_type=\"houzez_elementor_space.default\">\n\t\t\t\t<div class=\"elementor-widget-container\">\n\t\t\t\t\t        <div class=\"houzez-spacer\">\n            <div class=\"houzez-spacer-inner\"><\/div>\n        <\/div>\n        \t\t\t\t<\/div>\n\t\t\t\t<\/div>\n\t\t\t\t<div class=\"elementor-element elementor-element-1b71c2ca elementor-widget elementor-widget-houzez_elementor_blog_posts\" data-id=\"1b71c2ca\" data-element_type=\"widget\" data-widget_type=\"houzez_elementor_blog_posts.default\">\n\t\t\t\t<div class=\"elementor-widget-container\">\n\t\t\t\t\t\n        <div class=\"blog-posts-module blog-posts-module-v1\">\n            <div class=\"row row-cols-1 row-cols-md-2 row-cols-lg-3 g-3\">\n                <div class=\"blog-post-item-wrap\">\n\t<div id=\"post-10067\" class=\"blog-post-item blog-post-item-v1 mb-3 post-10067 post type-post status-publish format-standard has-post-thumbnail hentry category-immobilie-kaufen category-mallorca tag-finca tag-mallorca tag-real-estate tag-villa\">\n\t\t\n\t\t\t\t<div class=\"blog-post-thumb\">\n\t\t\t<a href=\"https:\/\/claus-von-benz.com\/es\/procedimiento-acelerado-de-okupacion-lo-que-deben-saber-los-propietarios-de-inmuebles-en-mallorca\/\" class=\"hover-effect image-wrap\">\n\t\t\t\t<img decoding=\"async\" width=\"1440\" height=\"900\" src=\"https:\/\/claus-von-benz.com\/wp-content\/uploads\/2024\/11\/mallorca-blog_schnellverfahren-hausbesetzungen-min.jpg\" class=\"img-fluid wp-post-image\" alt=\"mallorca blog fast-track squatting min\" srcset=\"https:\/\/claus-von-benz.com\/wp-content\/uploads\/2024\/11\/mallorca-blog_schnellverfahren-hausbesetzungen-min.jpg 1440w, https:\/\/claus-von-benz.com\/wp-content\/uploads\/2024\/11\/mallorca-blog_schnellverfahren-hausbesetzungen-min-300x188.jpg 300w, https:\/\/claus-von-benz.com\/wp-content\/uploads\/2024\/11\/mallorca-blog_schnellverfahren-hausbesetzungen-min-1024x640.jpg 1024w, https:\/\/claus-von-benz.com\/wp-content\/uploads\/2024\/11\/mallorca-blog_schnellverfahren-hausbesetzungen-min-768x480.jpg 768w, https:\/\/claus-von-benz.com\/wp-content\/uploads\/2024\/11\/mallorca-blog_schnellverfahren-hausbesetzungen-min-18x12.jpg 18w, https:\/\/claus-von-benz.com\/wp-content\/uploads\/2024\/11\/mallorca-blog_schnellverfahren-hausbesetzungen-min-960x600.jpg 960w, https:\/\/claus-von-benz.com\/wp-content\/uploads\/2024\/11\/mallorca-blog_schnellverfahren-hausbesetzungen-min-496x310.jpg 496w\" sizes=\"(max-width: 1440px) 100vw, 1440px\" \/>\t\t\t<\/a>\n\t\t<\/div><!-- blog-post-thumb -->\n\t\t\n\t\t<div class=\"blog-post-content-wrap\">\n\t\t\t<div class=\"blog-post-meta small\">\n\t\t\t\t<ul class=\"list-inline d-flex align-items-center mb-1\">\n\t\t\t\t\t\n\t\t\t\t\t\n\t\t\t\t<\/ul>\n\t\t\t<\/div><!-- blog-post-meta -->\n\t\t\t<div class=\"blog-post-title\">\n\t\t\t\t<h3 class=\"mb-1\"><a href=\"https:\/\/claus-von-benz.com\/es\/procedimiento-acelerado-de-okupacion-lo-que-deben-saber-los-propietarios-de-inmuebles-en-mallorca\/\">Procedimiento abreviado por okupaci\u00f3n - Lo que deben saber los propietarios en Mallorca<\/a><\/h3>\n\t\t\t<\/div><!-- blog-post-title -->\n\t\t\t<div class=\"blog-post-body mb-1\">\n\t\t\t\tEl 14 de noviembre de 2024, el Congreso espa\u00f1ol aprob\u00f3 una importante enmienda a la ley que...\t\t\t<\/div><!-- blog-post-body -->\n\t\t\t<div class=\"blog-post-link small\">\n\t\t\t\t<a href=\"https:\/\/claus-von-benz.com\/es\/procedimiento-acelerado-de-okupacion-lo-que-deben-saber-los-propietarios-de-inmuebles-en-mallorca\/\">Seguir leyendo<\/a>\n\t\t\t<\/div><!-- blog-post-link -->\n\t\t<\/div><!-- blog-post-content-wrap -->\n\t\t\t<\/div><!-- blog-post-item -->\n<\/div><!-- blog-post-item-wrap --><div class=\"blog-post-item-wrap\">\n\t<div id=\"post-9040\" class=\"blog-post-item blog-post-item-v1 mb-3 post-9040 post type-post status-publish format-standard has-post-thumbnail hentry category-bauen category-baugenehmigung category-construction category-mallorca tag-bauen tag-hausbau tag-mallorca\">\n\t\t\n\t\t\t\t<div class=\"blog-post-thumb\">\n\t\t\t<a href=\"https:\/\/claus-von-benz.com\/es\/la-amnistia-del-gobierno-insular-una-oportunidad-para-legalizar-la-propiedad-en-suelo-rustico\/\" class=\"hover-effect image-wrap\">\n\t\t\t\t<img decoding=\"async\" width=\"1440\" height=\"900\" src=\"https:\/\/claus-von-benz.com\/wp-content\/uploads\/2024\/10\/mallorca-blog_amnestie-legalisierung.jpg\" class=\"img-fluid wp-post-image\" alt=\"mallorca blog amnist\u00eda legalizaci\u00f3n\" srcset=\"https:\/\/claus-von-benz.com\/wp-content\/uploads\/2024\/10\/mallorca-blog_amnestie-legalisierung.jpg 1440w, https:\/\/claus-von-benz.com\/wp-content\/uploads\/2024\/10\/mallorca-blog_amnestie-legalisierung-300x188.jpg 300w, https:\/\/claus-von-benz.com\/wp-content\/uploads\/2024\/10\/mallorca-blog_amnestie-legalisierung-1024x640.jpg 1024w, https:\/\/claus-von-benz.com\/wp-content\/uploads\/2024\/10\/mallorca-blog_amnestie-legalisierung-768x480.jpg 768w, https:\/\/claus-von-benz.com\/wp-content\/uploads\/2024\/10\/mallorca-blog_amnestie-legalisierung-18x12.jpg 18w, https:\/\/claus-von-benz.com\/wp-content\/uploads\/2024\/10\/mallorca-blog_amnestie-legalisierung-960x600.jpg 960w, https:\/\/claus-von-benz.com\/wp-content\/uploads\/2024\/10\/mallorca-blog_amnestie-legalisierung-496x310.jpg 496w\" sizes=\"(max-width: 1440px) 100vw, 1440px\" \/>\t\t\t<\/a>\n\t\t<\/div><!-- blog-post-thumb -->\n\t\t\n\t\t<div class=\"blog-post-content-wrap\">\n\t\t\t<div class=\"blog-post-meta small\">\n\t\t\t\t<ul class=\"list-inline d-flex align-items-center mb-1\">\n\t\t\t\t\t\n\t\t\t\t\t\n\t\t\t\t<\/ul>\n\t\t\t<\/div><!-- blog-post-meta -->\n\t\t\t<div class=\"blog-post-title\">\n\t\t\t\t<h3 class=\"mb-1\"><a href=\"https:\/\/claus-von-benz.com\/es\/la-amnistia-del-gobierno-insular-una-oportunidad-para-legalizar-la-propiedad-en-suelo-rustico\/\">Amnist\u00eda del Gobierno insular: una oportunidad para legalizar las propiedades en suelo r\u00fastico<\/a><\/h3>\n\t\t\t<\/div><!-- blog-post-title -->\n\t\t\t<div class=\"blog-post-body mb-1\">\n\t\t\t\tEl gobierno balear ha introducido recientemente una amnist\u00eda que permite a los inmigrantes ilegales...\t\t\t<\/div><!-- blog-post-body -->\n\t\t\t<div class=\"blog-post-link small\">\n\t\t\t\t<a href=\"https:\/\/claus-von-benz.com\/es\/la-amnistia-del-gobierno-insular-una-oportunidad-para-legalizar-la-propiedad-en-suelo-rustico\/\">Seguir leyendo<\/a>\n\t\t\t<\/div><!-- blog-post-link -->\n\t\t<\/div><!-- blog-post-content-wrap -->\n\t\t\t<\/div><!-- blog-post-item -->\n<\/div><!-- blog-post-item-wrap --><div class=\"blog-post-item-wrap\">\n\t<div id=\"post-8759\" class=\"blog-post-item blog-post-item-v1 mb-3 post-8759 post type-post status-publish format-standard has-post-thumbnail hentry category-lifestyle category-mallorca tag-arbeiten-auf-mallorca tag-lifestyle tag-mallorca\">\n\t\t\n\t\t\t\t<div class=\"blog-post-thumb\">\n\t\t\t<a href=\"https:\/\/claus-von-benz.com\/es\/mallorca-el-paraiso-del-trabajo-a-distancia-en-todo-el-mundo\/\" class=\"hover-effect image-wrap\">\n\t\t\t\t<img loading=\"lazy\" decoding=\"async\" width=\"1440\" height=\"900\" src=\"https:\/\/claus-von-benz.com\/wp-content\/uploads\/2024\/09\/mallorca-blog_vom_remote-work.jpg\" class=\"img-fluid wp-post-image\" alt=\"mallorca blog desde trabajo remoto\" srcset=\"https:\/\/claus-von-benz.com\/wp-content\/uploads\/2024\/09\/mallorca-blog_vom_remote-work.jpg 1440w, https:\/\/claus-von-benz.com\/wp-content\/uploads\/2024\/09\/mallorca-blog_vom_remote-work-300x188.jpg 300w, https:\/\/claus-von-benz.com\/wp-content\/uploads\/2024\/09\/mallorca-blog_vom_remote-work-1024x640.jpg 1024w, https:\/\/claus-von-benz.com\/wp-content\/uploads\/2024\/09\/mallorca-blog_vom_remote-work-768x480.jpg 768w, https:\/\/claus-von-benz.com\/wp-content\/uploads\/2024\/09\/mallorca-blog_vom_remote-work-18x12.jpg 18w, https:\/\/claus-von-benz.com\/wp-content\/uploads\/2024\/09\/mallorca-blog_vom_remote-work-960x600.jpg 960w, https:\/\/claus-von-benz.com\/wp-content\/uploads\/2024\/09\/mallorca-blog_vom_remote-work-496x310.jpg 496w\" sizes=\"(max-width: 1440px) 100vw, 1440px\" \/>\t\t\t<\/a>\n\t\t<\/div><!-- blog-post-thumb -->\n\t\t\n\t\t<div class=\"blog-post-content-wrap\">\n\t\t\t<div class=\"blog-post-meta small\">\n\t\t\t\t<ul class=\"list-inline d-flex align-items-center mb-1\">\n\t\t\t\t\t\n\t\t\t\t\t\n\t\t\t\t<\/ul>\n\t\t\t<\/div><!-- blog-post-meta -->\n\t\t\t<div class=\"blog-post-title\">\n\t\t\t\t<h3 class=\"mb-1\"><a href=\"https:\/\/claus-von-benz.com\/es\/mallorca-el-paraiso-del-trabajo-a-distancia-en-todo-el-mundo\/\">Mallorca: EL para\u00edso mundial del trabajo a distancia<\/a><\/h3>\n\t\t\t<\/div><!-- blog-post-title -->\n\t\t\t<div class=\"blog-post-body mb-1\">\n\t\t\t\tMallorca se ha consolidado como el principal destino mundial para el trabajo a distancia. Seg\u00fan un reciente...\t\t\t<\/div><!-- blog-post-body -->\n\t\t\t<div class=\"blog-post-link small\">\n\t\t\t\t<a href=\"https:\/\/claus-von-benz.com\/es\/mallorca-el-paraiso-del-trabajo-a-distancia-en-todo-el-mundo\/\">Seguir leyendo<\/a>\n\t\t\t<\/div><!-- blog-post-link -->\n\t\t<\/div><!-- blog-post-content-wrap -->\n\t\t\t<\/div><!-- blog-post-item -->\n<\/div><!-- blog-post-item-wrap -->            <\/div>\n        <\/div>\n\n        \t\t\t\t<\/div>\n\t\t\t\t<\/div>\n\t\t\t\t\t<\/div>\n\t\t<\/div>\n\t\t\t\t\t<\/div>\n\t\t<\/section>\n\t\t\t\t<\/div>","protected":false},"excerpt":{"rendered":"<p>&gt; Volver a Mallorca Insights Visi\u00f3n general Matriculaci\u00f3n de veh\u00edculos e ITV Una gu\u00eda Mallorca, la mayor de las Islas Baleares, es uno de los destinos favoritos para muchos que deciden trasladarse permanentemente o tener una segunda residencia. Si tiene pensado traer su coche o comprar uno en la isla, es importante que conozca el proceso de [...]<\/p>","protected":false},"author":2,"featured_media":0,"parent":2106,"menu_order":1,"comment_status":"closed","ping_status":"closed","template":"elementor_header_footer","meta":{"_seopress_robots_primary_cat":"","_seopress_titles_title":"","_seopress_titles_desc":"","_seopress_robots_index":"","om_disable_all_campaigns":false,"_uf_show_specific_survey":0,"_uf_disable_surveys":false,"footnotes":""},"class_list":["post-4559","page","type-page","status-publish","hentry"],"_links":{"self":[{"href":"https:\/\/claus-von-benz.com\/es\/wp-json\/wp\/v2\/pages\/4559","targetHints":{"allow":["GET"]}}],"collection":[{"href":"https:\/\/claus-von-benz.com\/es\/wp-json\/wp\/v2\/pages"}],"about":[{"href":"https:\/\/claus-von-benz.com\/es\/wp-json\/wp\/v2\/types\/page"}],"author":[{"embeddable":true,"href":"https:\/\/claus-von-benz.com\/es\/wp-json\/wp\/v2\/users\/2"}],"replies":[{"embeddable":true,"href":"https:\/\/claus-von-benz.com\/es\/wp-json\/wp\/v2\/comments?post=4559"}],"version-history":[{"count":13,"href":"https:\/\/claus-von-benz.com\/es\/wp-json\/wp\/v2\/pages\/4559\/revisions"}],"predecessor-version":[{"id":4586,"href":"https:\/\/claus-von-benz.com\/es\/wp-json\/wp\/v2\/pages\/4559\/revisions\/4586"}],"up":[{"embeddable":true,"href":"https:\/\/claus-von-benz.com\/es\/wp-json\/wp\/v2\/pages\/2106"}],"wp:attachment":[{"href":"https:\/\/claus-von-benz.com\/es\/wp-json\/wp\/v2\/media?parent=4559"}],"curies":[{"name":"wp","href":"https:\/\/api.w.org\/{rel}","templated":true}]}}