{"id":4550,"date":"2023-11-06T19:53:33","date_gmt":"2023-11-06T19:53:33","guid":{"rendered":"https:\/\/clausvonbenz-03919201.wptestserver.de\/?page_id=4550"},"modified":"2023-11-06T20:00:51","modified_gmt":"2023-11-06T20:00:51","slug":"visado-de-oro-para-ciudadanos-de-terceros-paises","status":"publish","type":"page","link":"https:\/\/claus-von-benz.com\/es\/mallorca-insights\/visado-de-oro-para-ciudadanos-de-terceros-paises\/","title":{"rendered":"El visado de oro para ciudadanos de terceros pa\u00edses"},"content":{"rendered":"<div data-elementor-type=\"wp-post\" data-elementor-id=\"4550\" class=\"elementor elementor-4550\" data-elementor-post-type=\"page\">\n\t\t\t\t\t\t<section class=\"elementor-section elementor-top-section elementor-element elementor-element-ff26425 elementor-section-boxed elementor-section-height-default elementor-section-height-default\" data-id=\"ff26425\" data-element_type=\"section\">\n\t\t\t\t\t\t<div class=\"elementor-container elementor-column-gap-default\">\n\t\t\t\t\t<div class=\"elementor-column elementor-col-100 elementor-top-column elementor-element elementor-element-7f5ddf5\" data-id=\"7f5ddf5\" data-element_type=\"column\">\n\t\t\t<div class=\"elementor-widget-wrap elementor-element-populated\">\n\t\t\t\t\t\t<div class=\"elementor-element elementor-element-735a5de elementor-widget elementor-widget-spacer\" data-id=\"735a5de\" data-element_type=\"widget\" data-widget_type=\"spacer.default\">\n\t\t\t\t<div class=\"elementor-widget-container\">\n\t\t\t\t\t\t\t<div class=\"elementor-spacer\">\n\t\t\t<div class=\"elementor-spacer-inner\"><\/div>\n\t\t<\/div>\n\t\t\t\t\t\t<\/div>\n\t\t\t\t<\/div>\n\t\t\t\t<div class=\"elementor-element elementor-element-7879b5f elementor-widget elementor-widget-text-editor\" data-id=\"7879b5f\" data-element_type=\"widget\" data-widget_type=\"text-editor.default\">\n\t\t\t\t<div class=\"elementor-widget-container\">\n\t\t\t\t\t\t\t\t\t<p><a href=\"https:\/\/claus-von-benz.com\/es\/mallorca-insights\/\">&gt; Volver a Mallorca Insights<\/a><\/p>\t\t\t\t\t\t\t\t<\/div>\n\t\t\t\t<\/div>\n\t\t\t\t<div class=\"elementor-element elementor-element-349a026 elementor-widget elementor-widget-heading\" data-id=\"349a026\" data-element_type=\"widget\" data-widget_type=\"heading.default\">\n\t\t\t\t<div class=\"elementor-widget-container\">\n\t\t\t\t\t<h2 class=\"elementor-heading-title elementor-size-default\">El visado de oro para ciudadanos de terceros pa\u00edses<\/h2>\t\t\t\t<\/div>\n\t\t\t\t<\/div>\n\t\t\t\t<div class=\"elementor-element elementor-element-a9aecd3 elementor-widget elementor-widget-heading\" data-id=\"a9aecd3\" data-element_type=\"widget\" data-widget_type=\"heading.default\">\n\t\t\t\t<div class=\"elementor-widget-container\">\n\t\t\t\t\t<h5 class=\"elementor-heading-title elementor-size-default\">Una puerta a Espa\u00f1a<\/h5>\t\t\t\t<\/div>\n\t\t\t\t<\/div>\n\t\t\t\t<div class=\"elementor-element elementor-element-09fa90c elementor-widget elementor-widget-spacer\" data-id=\"09fa90c\" data-element_type=\"widget\" data-widget_type=\"spacer.default\">\n\t\t\t\t<div class=\"elementor-widget-container\">\n\t\t\t\t\t\t\t<div class=\"elementor-spacer\">\n\t\t\t<div class=\"elementor-spacer-inner\"><\/div>\n\t\t<\/div>\n\t\t\t\t\t\t<\/div>\n\t\t\t\t<\/div>\n\t\t\t\t<div class=\"elementor-element elementor-element-6efba26 elementor-widget elementor-widget-text-editor\" data-id=\"6efba26\" data-element_type=\"widget\" data-widget_type=\"text-editor.default\">\n\t\t\t\t<div class=\"elementor-widget-container\">\n\t\t\t\t\t\t\t\t\t<p data-wp-editing=\"1\">El Golden Visa, tambi\u00e9n conocido como \"visado para inversores\", es una iniciativa del Gobierno espa\u00f1ol para fomentar la inversi\u00f3n extranjera en el sector inmobiliario. Ofrece a los ciudadanos extracomunitarios que compren una propiedad en Espa\u00f1a por un valor m\u00ednimo de 500.000 euros la oportunidad de obtener un permiso de residencia. Pero, \u00bfqu\u00e9 significa esto exactamente y qu\u00e9 ventajas aporta?<\/p>\t\t\t\t\t\t\t\t<\/div>\n\t\t\t\t<\/div>\n\t\t\t\t\t<\/div>\n\t\t<\/div>\n\t\t\t\t\t<\/div>\n\t\t<\/section>\n\t\t\t\t<section class=\"elementor-section elementor-top-section elementor-element elementor-element-abf8b23 elementor-section-boxed elementor-section-height-default elementor-section-height-default\" data-id=\"abf8b23\" data-element_type=\"section\">\n\t\t\t\t\t\t<div class=\"elementor-container elementor-column-gap-default\">\n\t\t\t\t\t<div class=\"elementor-column elementor-col-100 elementor-top-column elementor-element elementor-element-62931cf\" data-id=\"62931cf\" data-element_type=\"column\">\n\t\t\t<div class=\"elementor-widget-wrap elementor-element-populated\">\n\t\t\t\t\t\t<div class=\"elementor-element elementor-element-0057bfa elementor-widget elementor-widget-image\" data-id=\"0057bfa\" data-element_type=\"widget\" data-widget_type=\"image.default\">\n\t\t\t\t<div class=\"elementor-widget-container\">\n\t\t\t\t\t\t\t\t\t\t\t\t\t\t\t<img fetchpriority=\"high\" decoding=\"async\" width=\"1440\" height=\"500\" src=\"https:\/\/claus-von-benz.com\/wp-content\/uploads\/2023\/11\/mallorca_insights_goldenes-visum.jpg\" class=\"attachment-full size-full wp-image-4555\" alt=\"mallorca insights golden visa inmobiliaria Mallorca - Propiedades de lujo, fincas y pisos de lujo en venta en Mallorca - Claus von Benz Real Estate Mallorca\" srcset=\"https:\/\/claus-von-benz.com\/wp-content\/uploads\/2023\/11\/mallorca_insights_goldenes-visum.jpg 1440w, https:\/\/claus-von-benz.com\/wp-content\/uploads\/2023\/11\/mallorca_insights_goldenes-visum-300x104.jpg 300w, https:\/\/claus-von-benz.com\/wp-content\/uploads\/2023\/11\/mallorca_insights_goldenes-visum-1024x356.jpg 1024w, https:\/\/claus-von-benz.com\/wp-content\/uploads\/2023\/11\/mallorca_insights_goldenes-visum-768x267.jpg 768w, https:\/\/claus-von-benz.com\/wp-content\/uploads\/2023\/11\/mallorca_insights_goldenes-visum-496x172.jpg 496w\" sizes=\"(max-width: 1440px) 100vw, 1440px\" \/>\t\t\t\t\t\t\t\t\t\t\t\t\t\t\t<\/div>\n\t\t\t\t<\/div>\n\t\t\t\t<div class=\"elementor-element elementor-element-2bce3fb elementor-widget elementor-widget-houzez_elementor_space\" data-id=\"2bce3fb\" data-element_type=\"widget\" data-widget_type=\"houzez_elementor_space.default\">\n\t\t\t\t<div class=\"elementor-widget-container\">\n\t\t\t\t\t        <div class=\"houzez-spacer\">\n            <div class=\"houzez-spacer-inner\"><\/div>\n        <\/div>\n        \t\t\t\t<\/div>\n\t\t\t\t<\/div>\n\t\t\t\t\t<\/div>\n\t\t<\/div>\n\t\t\t\t\t<\/div>\n\t\t<\/section>\n\t\t\t\t<section class=\"elementor-section elementor-top-section elementor-element elementor-element-abca353 elementor-section-boxed elementor-section-height-default elementor-section-height-default\" data-id=\"abca353\" data-element_type=\"section\">\n\t\t\t\t\t\t<div class=\"elementor-container elementor-column-gap-default\">\n\t\t\t\t\t<div class=\"elementor-column elementor-col-100 elementor-top-column elementor-element elementor-element-cbccaac\" data-id=\"cbccaac\" data-element_type=\"column\">\n\t\t\t<div class=\"elementor-widget-wrap elementor-element-populated\">\n\t\t\t\t\t\t<div class=\"elementor-element elementor-element-ff5b22e elementor-widget elementor-widget-text-editor\" data-id=\"ff5b22e\" data-element_type=\"widget\" data-widget_type=\"text-editor.default\">\n\t\t\t\t<div class=\"elementor-widget-container\">\n\t\t\t\t\t\t\t\t\t<p><strong>1 \u00bfQu\u00e9 es el Golden Visa?<\/strong><br \/>El Golden Visa es un tipo especial de permiso de residencia que se concede a los ciudadanos no comunitarios que realizan inversiones importantes en Espa\u00f1a. El m\u00e9todo m\u00e1s conocido y utilizado para obtener este visado es la compra de una propiedad por un valor m\u00ednimo de 500.000 euros. Sin embargo, tambi\u00e9n existen otras posibilidades de inversi\u00f3n, como la compra de bonos del Estado o la creaci\u00f3n de puestos de trabajo.<br \/><br \/><strong>2. ventajas del Golden Visa<\/strong><\/p><ul><li><strong>Estancia en Espa\u00f1a:<\/strong> Los titulares del Golden Visa y sus familiares pueden vivir y trabajar en Espa\u00f1a sin tener que solicitar constantemente un visado.<\/li><li><strong>Libertad de circulaci\u00f3n en el espacio Schengen:<\/strong> El Golden Visa permite viajar no s\u00f3lo por Espa\u00f1a, sino por todos los pa\u00edses Schengen, lo que lo convierte en un valioso documento para viajeros de negocios y aficionados a los viajes.<\/li><li><strong>Sin obligaci\u00f3n de residencia permanente:<\/strong> Aunque tiene derecho a vivir en Espa\u00f1a, no est\u00e1 obligado a hacerlo. Esto significa que puede utilizar la vivienda como casa de vacaciones o alquilarla sin estar permanentemente presente en el pa\u00eds.<\/li><li><strong>Posibilidad de ampliaci\u00f3n:<\/strong> El Golden Visa se concede inicialmente por dos a\u00f1os, pero puede prorrogarse mientras se mantenga la inversi\u00f3n.<\/li><\/ul><p><strong>3. requisitos y proceso<\/strong><br \/>Para solicitar el Golden Visa, los inversores deben:<\/p><ul><li>Comprar una propiedad de al menos 500.000 euros.<\/li><li>Tener un n\u00famero de identificaci\u00f3n fiscal espa\u00f1ol (NIE).<\/li><li>Presentar un pasaporte v\u00e1lido y otros documentos necesarios.<\/li><li>Demostrar que dispone de medios econ\u00f3micos suficientes para mantenerse a s\u00ed mismo y a su familia en Espa\u00f1a.<\/li><li>Contratar un seguro m\u00e9dico v\u00e1lido en Espa\u00f1a.<\/li><\/ul><p><strong>Conclusi\u00f3n<\/strong><br \/>El Golden Visa es una excelente manera de que los ciudadanos no comunitarios se beneficien de las ventajas de vivir en Espa\u00f1a mientras invierten en el mercado inmobiliario espa\u00f1ol. Ofrece una situaci\u00f3n beneficiosa para todos, tanto para los inversores como para la econom\u00eda espa\u00f1ola, y abre las puertas a una vida llena de oportunidades bajo el sol del Mediterr\u00e1neo.<\/p>\t\t\t\t\t\t\t\t<\/div>\n\t\t\t\t<\/div>\n\t\t\t\t\t<\/div>\n\t\t<\/div>\n\t\t\t\t\t<\/div>\n\t\t<\/section>\n\t\t\t\t<section class=\"elementor-section elementor-top-section elementor-element elementor-element-4aaabb8a elementor-section-boxed elementor-section-height-default elementor-section-height-default\" data-id=\"4aaabb8a\" data-element_type=\"section\">\n\t\t\t\t\t\t<div class=\"elementor-container elementor-column-gap-default\">\n\t\t\t\t\t<div class=\"elementor-column elementor-col-100 elementor-top-column elementor-element elementor-element-3f6d0714\" data-id=\"3f6d0714\" data-element_type=\"column\">\n\t\t\t<div class=\"elementor-widget-wrap elementor-element-populated\">\n\t\t\t\t\t\t<div class=\"elementor-element elementor-element-74e6e1cc elementor-widget elementor-widget-houzez_elementor_space\" data-id=\"74e6e1cc\" data-element_type=\"widget\" data-widget_type=\"houzez_elementor_space.default\">\n\t\t\t\t<div class=\"elementor-widget-container\">\n\t\t\t\t\t        <div class=\"houzez-spacer\">\n            <div class=\"houzez-spacer-inner\"><\/div>\n        <\/div>\n        \t\t\t\t<\/div>\n\t\t\t\t<\/div>\n\t\t\t\t<div class=\"elementor-element elementor-element-7ca8b8e4 elementor-widget elementor-widget-heading\" data-id=\"7ca8b8e4\" data-element_type=\"widget\" data-widget_type=\"heading.default\">\n\t\t\t\t<div class=\"elementor-widget-container\">\n\t\t\t\t\t<h2 class=\"elementor-heading-title elementor-size-large\">Mallorca Property &amp; Lifestyle Blog<\/h2>\t\t\t\t<\/div>\n\t\t\t\t<\/div>\n\t\t\t\t<div class=\"elementor-element elementor-element-6e909d31 elementor-widget elementor-widget-heading\" data-id=\"6e909d31\" data-element_type=\"widget\" data-widget_type=\"heading.default\">\n\t\t\t\t<div class=\"elementor-widget-container\">\n\t\t\t\t\t<p class=\"elementor-heading-title elementor-size-medium\">Noticias sobre la vida en Mallorca<\/p>\t\t\t\t<\/div>\n\t\t\t\t<\/div>\n\t\t\t\t<div class=\"elementor-element elementor-element-5758d403 elementor-widget elementor-widget-houzez_elementor_space\" data-id=\"5758d403\" data-element_type=\"widget\" data-widget_type=\"houzez_elementor_space.default\">\n\t\t\t\t<div class=\"elementor-widget-container\">\n\t\t\t\t\t        <div class=\"houzez-spacer\">\n            <div class=\"houzez-spacer-inner\"><\/div>\n        <\/div>\n        \t\t\t\t<\/div>\n\t\t\t\t<\/div>\n\t\t\t\t<div class=\"elementor-element elementor-element-1b71c2ca elementor-widget elementor-widget-houzez_elementor_blog_posts\" data-id=\"1b71c2ca\" data-element_type=\"widget\" data-widget_type=\"houzez_elementor_blog_posts.default\">\n\t\t\t\t<div class=\"elementor-widget-container\">\n\t\t\t\t\t\n        <div class=\"blog-posts-module blog-posts-module-v1\">\n            <div class=\"row row-cols-1 row-cols-md-2 row-cols-lg-3 g-3\">\n                <div class=\"blog-post-item-wrap\">\n\t<div id=\"post-10067\" class=\"blog-post-item blog-post-item-v1 mb-3 post-10067 post type-post status-publish format-standard has-post-thumbnail hentry category-immobilie-kaufen category-mallorca tag-finca tag-mallorca tag-real-estate tag-villa\">\n\t\t\n\t\t\t\t<div class=\"blog-post-thumb\">\n\t\t\t<a href=\"https:\/\/claus-von-benz.com\/es\/procedimiento-acelerado-de-okupacion-lo-que-deben-saber-los-propietarios-de-inmuebles-en-mallorca\/\" class=\"hover-effect image-wrap\">\n\t\t\t\t<img decoding=\"async\" width=\"1440\" height=\"900\" src=\"https:\/\/claus-von-benz.com\/wp-content\/uploads\/2024\/11\/mallorca-blog_schnellverfahren-hausbesetzungen-min.jpg\" class=\"img-fluid wp-post-image\" alt=\"mallorca blog fast-track squatting min\" srcset=\"https:\/\/claus-von-benz.com\/wp-content\/uploads\/2024\/11\/mallorca-blog_schnellverfahren-hausbesetzungen-min.jpg 1440w, https:\/\/claus-von-benz.com\/wp-content\/uploads\/2024\/11\/mallorca-blog_schnellverfahren-hausbesetzungen-min-300x188.jpg 300w, https:\/\/claus-von-benz.com\/wp-content\/uploads\/2024\/11\/mallorca-blog_schnellverfahren-hausbesetzungen-min-1024x640.jpg 1024w, https:\/\/claus-von-benz.com\/wp-content\/uploads\/2024\/11\/mallorca-blog_schnellverfahren-hausbesetzungen-min-768x480.jpg 768w, https:\/\/claus-von-benz.com\/wp-content\/uploads\/2024\/11\/mallorca-blog_schnellverfahren-hausbesetzungen-min-18x12.jpg 18w, https:\/\/claus-von-benz.com\/wp-content\/uploads\/2024\/11\/mallorca-blog_schnellverfahren-hausbesetzungen-min-960x600.jpg 960w, https:\/\/claus-von-benz.com\/wp-content\/uploads\/2024\/11\/mallorca-blog_schnellverfahren-hausbesetzungen-min-496x310.jpg 496w\" sizes=\"(max-width: 1440px) 100vw, 1440px\" \/>\t\t\t<\/a>\n\t\t<\/div><!-- blog-post-thumb -->\n\t\t\n\t\t<div class=\"blog-post-content-wrap\">\n\t\t\t<div class=\"blog-post-meta small\">\n\t\t\t\t<ul class=\"list-inline d-flex align-items-center mb-1\">\n\t\t\t\t\t\n\t\t\t\t\t\n\t\t\t\t<\/ul>\n\t\t\t<\/div><!-- blog-post-meta -->\n\t\t\t<div class=\"blog-post-title\">\n\t\t\t\t<h3 class=\"mb-1\"><a href=\"https:\/\/claus-von-benz.com\/es\/procedimiento-acelerado-de-okupacion-lo-que-deben-saber-los-propietarios-de-inmuebles-en-mallorca\/\">Procedimiento abreviado por okupaci\u00f3n - Lo que deben saber los propietarios en Mallorca<\/a><\/h3>\n\t\t\t<\/div><!-- blog-post-title -->\n\t\t\t<div class=\"blog-post-body mb-1\">\n\t\t\t\tEl 14 de noviembre de 2024, el Congreso espa\u00f1ol aprob\u00f3 una importante enmienda a la ley que...\t\t\t<\/div><!-- blog-post-body -->\n\t\t\t<div class=\"blog-post-link small\">\n\t\t\t\t<a href=\"https:\/\/claus-von-benz.com\/es\/procedimiento-acelerado-de-okupacion-lo-que-deben-saber-los-propietarios-de-inmuebles-en-mallorca\/\">Seguir leyendo<\/a>\n\t\t\t<\/div><!-- blog-post-link -->\n\t\t<\/div><!-- blog-post-content-wrap -->\n\t\t\t<\/div><!-- blog-post-item -->\n<\/div><!-- blog-post-item-wrap --><div class=\"blog-post-item-wrap\">\n\t<div id=\"post-9040\" class=\"blog-post-item blog-post-item-v1 mb-3 post-9040 post type-post status-publish format-standard has-post-thumbnail hentry category-bauen category-baugenehmigung category-construction category-mallorca tag-bauen tag-hausbau tag-mallorca\">\n\t\t\n\t\t\t\t<div class=\"blog-post-thumb\">\n\t\t\t<a href=\"https:\/\/claus-von-benz.com\/es\/la-amnistia-del-gobierno-insular-una-oportunidad-para-legalizar-la-propiedad-en-suelo-rustico\/\" class=\"hover-effect image-wrap\">\n\t\t\t\t<img decoding=\"async\" width=\"1440\" height=\"900\" src=\"https:\/\/claus-von-benz.com\/wp-content\/uploads\/2024\/10\/mallorca-blog_amnestie-legalisierung.jpg\" class=\"img-fluid wp-post-image\" alt=\"mallorca blog amnist\u00eda legalizaci\u00f3n\" srcset=\"https:\/\/claus-von-benz.com\/wp-content\/uploads\/2024\/10\/mallorca-blog_amnestie-legalisierung.jpg 1440w, https:\/\/claus-von-benz.com\/wp-content\/uploads\/2024\/10\/mallorca-blog_amnestie-legalisierung-300x188.jpg 300w, https:\/\/claus-von-benz.com\/wp-content\/uploads\/2024\/10\/mallorca-blog_amnestie-legalisierung-1024x640.jpg 1024w, https:\/\/claus-von-benz.com\/wp-content\/uploads\/2024\/10\/mallorca-blog_amnestie-legalisierung-768x480.jpg 768w, https:\/\/claus-von-benz.com\/wp-content\/uploads\/2024\/10\/mallorca-blog_amnestie-legalisierung-18x12.jpg 18w, https:\/\/claus-von-benz.com\/wp-content\/uploads\/2024\/10\/mallorca-blog_amnestie-legalisierung-960x600.jpg 960w, https:\/\/claus-von-benz.com\/wp-content\/uploads\/2024\/10\/mallorca-blog_amnestie-legalisierung-496x310.jpg 496w\" sizes=\"(max-width: 1440px) 100vw, 1440px\" \/>\t\t\t<\/a>\n\t\t<\/div><!-- blog-post-thumb -->\n\t\t\n\t\t<div class=\"blog-post-content-wrap\">\n\t\t\t<div class=\"blog-post-meta small\">\n\t\t\t\t<ul class=\"list-inline d-flex align-items-center mb-1\">\n\t\t\t\t\t\n\t\t\t\t\t\n\t\t\t\t<\/ul>\n\t\t\t<\/div><!-- blog-post-meta -->\n\t\t\t<div class=\"blog-post-title\">\n\t\t\t\t<h3 class=\"mb-1\"><a href=\"https:\/\/claus-von-benz.com\/es\/la-amnistia-del-gobierno-insular-una-oportunidad-para-legalizar-la-propiedad-en-suelo-rustico\/\">Amnist\u00eda del Gobierno insular: una oportunidad para legalizar las propiedades en suelo r\u00fastico<\/a><\/h3>\n\t\t\t<\/div><!-- blog-post-title -->\n\t\t\t<div class=\"blog-post-body mb-1\">\n\t\t\t\tEl gobierno balear ha introducido recientemente una amnist\u00eda que permite a los inmigrantes ilegales...\t\t\t<\/div><!-- blog-post-body -->\n\t\t\t<div class=\"blog-post-link small\">\n\t\t\t\t<a href=\"https:\/\/claus-von-benz.com\/es\/la-amnistia-del-gobierno-insular-una-oportunidad-para-legalizar-la-propiedad-en-suelo-rustico\/\">Seguir leyendo<\/a>\n\t\t\t<\/div><!-- blog-post-link -->\n\t\t<\/div><!-- blog-post-content-wrap -->\n\t\t\t<\/div><!-- blog-post-item -->\n<\/div><!-- blog-post-item-wrap --><div class=\"blog-post-item-wrap\">\n\t<div id=\"post-8759\" class=\"blog-post-item blog-post-item-v1 mb-3 post-8759 post type-post status-publish format-standard has-post-thumbnail hentry category-lifestyle category-mallorca tag-arbeiten-auf-mallorca tag-lifestyle tag-mallorca\">\n\t\t\n\t\t\t\t<div class=\"blog-post-thumb\">\n\t\t\t<a href=\"https:\/\/claus-von-benz.com\/es\/mallorca-el-paraiso-del-trabajo-a-distancia-en-todo-el-mundo\/\" class=\"hover-effect image-wrap\">\n\t\t\t\t<img loading=\"lazy\" decoding=\"async\" width=\"1440\" height=\"900\" src=\"https:\/\/claus-von-benz.com\/wp-content\/uploads\/2024\/09\/mallorca-blog_vom_remote-work.jpg\" class=\"img-fluid wp-post-image\" alt=\"mallorca blog desde trabajo remoto\" srcset=\"https:\/\/claus-von-benz.com\/wp-content\/uploads\/2024\/09\/mallorca-blog_vom_remote-work.jpg 1440w, https:\/\/claus-von-benz.com\/wp-content\/uploads\/2024\/09\/mallorca-blog_vom_remote-work-300x188.jpg 300w, https:\/\/claus-von-benz.com\/wp-content\/uploads\/2024\/09\/mallorca-blog_vom_remote-work-1024x640.jpg 1024w, https:\/\/claus-von-benz.com\/wp-content\/uploads\/2024\/09\/mallorca-blog_vom_remote-work-768x480.jpg 768w, https:\/\/claus-von-benz.com\/wp-content\/uploads\/2024\/09\/mallorca-blog_vom_remote-work-18x12.jpg 18w, https:\/\/claus-von-benz.com\/wp-content\/uploads\/2024\/09\/mallorca-blog_vom_remote-work-960x600.jpg 960w, https:\/\/claus-von-benz.com\/wp-content\/uploads\/2024\/09\/mallorca-blog_vom_remote-work-496x310.jpg 496w\" sizes=\"(max-width: 1440px) 100vw, 1440px\" \/>\t\t\t<\/a>\n\t\t<\/div><!-- blog-post-thumb -->\n\t\t\n\t\t<div class=\"blog-post-content-wrap\">\n\t\t\t<div class=\"blog-post-meta small\">\n\t\t\t\t<ul class=\"list-inline d-flex align-items-center mb-1\">\n\t\t\t\t\t\n\t\t\t\t\t\n\t\t\t\t<\/ul>\n\t\t\t<\/div><!-- blog-post-meta -->\n\t\t\t<div class=\"blog-post-title\">\n\t\t\t\t<h3 class=\"mb-1\"><a href=\"https:\/\/claus-von-benz.com\/es\/mallorca-el-paraiso-del-trabajo-a-distancia-en-todo-el-mundo\/\">Mallorca: EL para\u00edso mundial del trabajo a distancia<\/a><\/h3>\n\t\t\t<\/div><!-- blog-post-title -->\n\t\t\t<div class=\"blog-post-body mb-1\">\n\t\t\t\tMallorca se ha consolidado como el principal destino mundial para el trabajo a distancia. Seg\u00fan un reciente...\t\t\t<\/div><!-- blog-post-body -->\n\t\t\t<div class=\"blog-post-link small\">\n\t\t\t\t<a href=\"https:\/\/claus-von-benz.com\/es\/mallorca-el-paraiso-del-trabajo-a-distancia-en-todo-el-mundo\/\">Seguir leyendo<\/a>\n\t\t\t<\/div><!-- blog-post-link -->\n\t\t<\/div><!-- blog-post-content-wrap -->\n\t\t\t<\/div><!-- blog-post-item -->\n<\/div><!-- blog-post-item-wrap -->            <\/div>\n        <\/div>\n\n        \t\t\t\t<\/div>\n\t\t\t\t<\/div>\n\t\t\t\t\t<\/div>\n\t\t<\/div>\n\t\t\t\t\t<\/div>\n\t\t<\/section>\n\t\t\t\t<\/div>","protected":false},"excerpt":{"rendered":"<p>&gt; Zur\u00fcck zur Mallorca Insights \u00dcbersicht Das Goldene Visum f\u00fcr Nicht-EU-B\u00fcrger Ein Tor zu Spanien Das Goldene Visum, auch bekannt als &#8220;Investorenvisum&#8221;, ist eine Initiative der spanischen Regierung, um ausl\u00e4ndische Investitionen im Immobiliensektor zu f\u00f6rdern. Es bietet Nicht-EU-B\u00fcrgern, die in Spanien Immobilien im Wert von mindestens 500.000 Euro kaufen, die M\u00f6glichkeit, eine Aufenthaltsgenehmigung zu erhalten. [&hellip;]<\/p>","protected":false},"author":2,"featured_media":0,"parent":2106,"menu_order":1,"comment_status":"closed","ping_status":"closed","template":"elementor_header_footer","meta":{"_seopress_robots_primary_cat":"","_seopress_titles_title":"","_seopress_titles_desc":"","_seopress_robots_index":"","om_disable_all_campaigns":false,"_uf_show_specific_survey":0,"_uf_disable_surveys":false,"footnotes":""},"class_list":["post-4550","page","type-page","status-publish","hentry"],"_links":{"self":[{"href":"https:\/\/claus-von-benz.com\/es\/wp-json\/wp\/v2\/pages\/4550","targetHints":{"allow":["GET"]}}],"collection":[{"href":"https:\/\/claus-von-benz.com\/es\/wp-json\/wp\/v2\/pages"}],"about":[{"href":"https:\/\/claus-von-benz.com\/es\/wp-json\/wp\/v2\/types\/page"}],"author":[{"embeddable":true,"href":"https:\/\/claus-von-benz.com\/es\/wp-json\/wp\/v2\/users\/2"}],"replies":[{"embeddable":true,"href":"https:\/\/claus-von-benz.com\/es\/wp-json\/wp\/v2\/comments?post=4550"}],"version-history":[{"count":7,"href":"https:\/\/claus-von-benz.com\/es\/wp-json\/wp\/v2\/pages\/4550\/revisions"}],"predecessor-version":[{"id":4558,"href":"https:\/\/claus-von-benz.com\/es\/wp-json\/wp\/v2\/pages\/4550\/revisions\/4558"}],"up":[{"embeddable":true,"href":"https:\/\/claus-von-benz.com\/es\/wp-json\/wp\/v2\/pages\/2106"}],"wp:attachment":[{"href":"https:\/\/claus-von-benz.com\/es\/wp-json\/wp\/v2\/media?parent=4550"}],"curies":[{"name":"wp","href":"https:\/\/api.w.org\/{rel}","templated":true}]}}