{"id":4541,"date":"2023-11-06T19:27:37","date_gmt":"2023-11-06T19:27:37","guid":{"rendered":"https:\/\/clausvonbenz-03919201.wptestserver.de\/?page_id=4541"},"modified":"2023-11-23T08:51:25","modified_gmt":"2023-11-23T08:51:25","slug":"autorizacion-militar","status":"publish","type":"page","link":"https:\/\/claus-von-benz.com\/es\/mallorca-insights\/autorizacion-militar\/","title":{"rendered":"Autorizaci\u00f3n militar"},"content":{"rendered":"<div data-elementor-type=\"wp-post\" data-elementor-id=\"4541\" class=\"elementor elementor-4541\" data-elementor-post-type=\"page\">\n\t\t\t\t\t\t<section class=\"elementor-section elementor-top-section elementor-element elementor-element-ff26425 elementor-section-boxed elementor-section-height-default elementor-section-height-default\" data-id=\"ff26425\" data-element_type=\"section\">\n\t\t\t\t\t\t<div class=\"elementor-container elementor-column-gap-default\">\n\t\t\t\t\t<div class=\"elementor-column elementor-col-100 elementor-top-column elementor-element elementor-element-7f5ddf5\" data-id=\"7f5ddf5\" data-element_type=\"column\">\n\t\t\t<div class=\"elementor-widget-wrap elementor-element-populated\">\n\t\t\t\t\t\t<div class=\"elementor-element elementor-element-735a5de elementor-widget elementor-widget-spacer\" data-id=\"735a5de\" data-element_type=\"widget\" data-widget_type=\"spacer.default\">\n\t\t\t\t<div class=\"elementor-widget-container\">\n\t\t\t\t\t\t\t<div class=\"elementor-spacer\">\n\t\t\t<div class=\"elementor-spacer-inner\"><\/div>\n\t\t<\/div>\n\t\t\t\t\t\t<\/div>\n\t\t\t\t<\/div>\n\t\t\t\t<div class=\"elementor-element elementor-element-7879b5f elementor-widget elementor-widget-text-editor\" data-id=\"7879b5f\" data-element_type=\"widget\" data-widget_type=\"text-editor.default\">\n\t\t\t\t<div class=\"elementor-widget-container\">\n\t\t\t\t\t\t\t\t\t<p><a href=\"https:\/\/claus-von-benz.com\/es\/mallorca-insights\/\">&gt; Volver a Mallorca Insights<\/a><\/p>\t\t\t\t\t\t\t\t<\/div>\n\t\t\t\t<\/div>\n\t\t\t\t<div class=\"elementor-element elementor-element-349a026 elementor-widget elementor-widget-heading\" data-id=\"349a026\" data-element_type=\"widget\" data-widget_type=\"heading.default\">\n\t\t\t\t<div class=\"elementor-widget-container\">\n\t\t\t\t\t<h2 class=\"elementor-heading-title elementor-size-default\">Autorizaci\u00f3n militar para ciudadanos extracomunitarios<\/h2>\t\t\t\t<\/div>\n\t\t\t\t<\/div>\n\t\t\t\t<div class=\"elementor-element elementor-element-a9aecd3 elementor-widget elementor-widget-heading\" data-id=\"a9aecd3\" data-element_type=\"widget\" data-widget_type=\"heading.default\">\n\t\t\t\t<div class=\"elementor-widget-container\">\n\t\t\t\t\t<h5 class=\"elementor-heading-title elementor-size-default\">como requisito previo para la compra de propiedades r\u00fasticas en Mallorca<\/h5>\t\t\t\t<\/div>\n\t\t\t\t<\/div>\n\t\t\t\t<div class=\"elementor-element elementor-element-09fa90c elementor-widget elementor-widget-spacer\" data-id=\"09fa90c\" data-element_type=\"widget\" data-widget_type=\"spacer.default\">\n\t\t\t\t<div class=\"elementor-widget-container\">\n\t\t\t\t\t\t\t<div class=\"elementor-spacer\">\n\t\t\t<div class=\"elementor-spacer-inner\"><\/div>\n\t\t<\/div>\n\t\t\t\t\t\t<\/div>\n\t\t\t\t<\/div>\n\t\t\t\t<div class=\"elementor-element elementor-element-6efba26 elementor-widget elementor-widget-text-editor\" data-id=\"6efba26\" data-element_type=\"widget\" data-widget_type=\"text-editor.default\">\n\t\t\t\t<div class=\"elementor-widget-container\">\n\t\t\t\t\t\t\t\t\t<p data-wp-editing=\"1\">Mallorca, la mayor de las Islas Baleares, es conocida por sus impresionantes playas, su vibrante vida nocturna y su rica cultura. Pero fuera de las rutas tur\u00edsticas m\u00e1s frecuentadas hay un tipo especial de propiedades, las r\u00fasticas, que se encuentran en zonas rurales de la isla. Sin embargo, la compra de estas propiedades exige una autorizaci\u00f3n especial a los ciudadanos de fuera de la UE: el permiso militar.<\/p>\t\t\t\t\t\t\t\t<\/div>\n\t\t\t\t<\/div>\n\t\t\t\t\t<\/div>\n\t\t<\/div>\n\t\t\t\t\t<\/div>\n\t\t<\/section>\n\t\t\t\t<section class=\"elementor-section elementor-top-section elementor-element elementor-element-abf8b23 elementor-section-boxed elementor-section-height-default elementor-section-height-default\" data-id=\"abf8b23\" data-element_type=\"section\">\n\t\t\t\t\t\t<div class=\"elementor-container elementor-column-gap-default\">\n\t\t\t\t\t<div class=\"elementor-column elementor-col-100 elementor-top-column elementor-element elementor-element-62931cf\" data-id=\"62931cf\" data-element_type=\"column\">\n\t\t\t<div class=\"elementor-widget-wrap elementor-element-populated\">\n\t\t\t\t\t\t<div class=\"elementor-element elementor-element-0057bfa elementor-widget elementor-widget-image\" data-id=\"0057bfa\" data-element_type=\"widget\" data-widget_type=\"image.default\">\n\t\t\t\t<div class=\"elementor-widget-container\">\n\t\t\t\t\t\t\t\t\t\t\t\t\t\t\t<img fetchpriority=\"high\" decoding=\"async\" width=\"1440\" height=\"500\" src=\"https:\/\/claus-von-benz.com\/wp-content\/uploads\/2023\/11\/mallorca_insights_militaer-zertifikat.jpg\" class=\"attachment-full size-full wp-image-4546\" alt=\"mallorca insights certificado militar inmobiliaria Mallorca - Propiedades de lujo, fincas y pisos de lujo en venta en Mallorca - Claus von Benz Real Estate Mallorca\" srcset=\"https:\/\/claus-von-benz.com\/wp-content\/uploads\/2023\/11\/mallorca_insights_militaer-zertifikat.jpg 1440w, https:\/\/claus-von-benz.com\/wp-content\/uploads\/2023\/11\/mallorca_insights_militaer-zertifikat-300x104.jpg 300w, https:\/\/claus-von-benz.com\/wp-content\/uploads\/2023\/11\/mallorca_insights_militaer-zertifikat-1024x356.jpg 1024w, https:\/\/claus-von-benz.com\/wp-content\/uploads\/2023\/11\/mallorca_insights_militaer-zertifikat-768x267.jpg 768w, https:\/\/claus-von-benz.com\/wp-content\/uploads\/2023\/11\/mallorca_insights_militaer-zertifikat-496x172.jpg 496w\" sizes=\"(max-width: 1440px) 100vw, 1440px\" \/>\t\t\t\t\t\t\t\t\t\t\t\t\t\t\t<\/div>\n\t\t\t\t<\/div>\n\t\t\t\t<div class=\"elementor-element elementor-element-2bce3fb elementor-widget elementor-widget-houzez_elementor_space\" data-id=\"2bce3fb\" data-element_type=\"widget\" data-widget_type=\"houzez_elementor_space.default\">\n\t\t\t\t<div class=\"elementor-widget-container\">\n\t\t\t\t\t        <div class=\"houzez-spacer\">\n            <div class=\"houzez-spacer-inner\"><\/div>\n        <\/div>\n        \t\t\t\t<\/div>\n\t\t\t\t<\/div>\n\t\t\t\t\t<\/div>\n\t\t<\/div>\n\t\t\t\t\t<\/div>\n\t\t<\/section>\n\t\t\t\t<section class=\"elementor-section elementor-top-section elementor-element elementor-element-abca353 elementor-section-boxed elementor-section-height-default elementor-section-height-default\" data-id=\"abca353\" data-element_type=\"section\">\n\t\t\t\t\t\t<div class=\"elementor-container elementor-column-gap-default\">\n\t\t\t\t\t<div class=\"elementor-column elementor-col-100 elementor-top-column elementor-element elementor-element-cbccaac\" data-id=\"cbccaac\" data-element_type=\"column\">\n\t\t\t<div class=\"elementor-widget-wrap elementor-element-populated\">\n\t\t\t\t\t\t<div class=\"elementor-element elementor-element-ff5b22e elementor-widget elementor-widget-text-editor\" data-id=\"ff5b22e\" data-element_type=\"widget\" data-widget_type=\"text-editor.default\">\n\t\t\t\t<div class=\"elementor-widget-container\">\n\t\t\t\t\t\t\t\t\t<p><strong>\u00bfQu\u00e9 es la licencia militar?<\/strong><br \/>El permiso militar es una autorizaci\u00f3n oficial expedida por el ej\u00e9rcito espa\u00f1ol. Confirma que el comprador (ciudadano no comunitario) no supone una amenaza para la seguridad nacional. Esta autorizaci\u00f3n es necesaria, ya que muchas propiedades r\u00fasticas est\u00e1n situadas en zonas estrat\u00e9gicas de inter\u00e9s militar.<\/p><p><strong>\u00bfPor qu\u00e9 es necesaria esta autorizaci\u00f3n?<\/strong><br \/>Mallorca tiene una larga historia de presencia militar y muchas de las propiedades del R\u00fastico est\u00e1n situadas cerca de bases militares u otros puntos estrat\u00e9gicos. Para garantizar que estas zonas no caigan en manos de personas que puedan suponer una amenaza para la seguridad nacional, se introdujo la licencia militar.<\/p><p><strong>\u00bfC\u00f3mo se obtiene una licencia militar?<\/strong><br \/>El proceso para obtener un permiso militar puede durar entre 2 y 4 meses. Estos son los pasos que debes seguir:<\/p><ul><li><strong>Aplicaci\u00f3n:<\/strong> El primer paso es presentar una solicitud a la autoridad militar competente. Esta solicitud debe contener informaci\u00f3n personal, un motivo para la compra de la propiedad y otros detalles pertinentes.<\/li><li><strong>Revisi\u00f3n:<\/strong> Una vez presentada la solicitud, ser\u00e1 revisada por las autoridades militares. Esto puede llevar varias semanas.<\/li><li><strong>Autorizaci\u00f3n:<\/strong> Si se completa la comprobaci\u00f3n y no hay objeciones, se expide la licencia militar.<\/li><\/ul><p><strong>Conclusi\u00f3n<\/strong><br \/>Comprar una propiedad r\u00fastica en Mallorca puede ser una inversi\u00f3n rentable, pero requiere una autorizaci\u00f3n adicional en forma de permiso militar para los ciudadanos no comunitarios. Aunque este proceso puede llevar tiempo, es necesario para garantizar la seguridad nacional. Si usted no es ciudadano de la UE y est\u00e1 pensando en comprar una propiedad r\u00fastica, deber\u00eda incluir este paso adicional en su planificaci\u00f3n.<\/p>\t\t\t\t\t\t\t\t<\/div>\n\t\t\t\t<\/div>\n\t\t\t\t\t<\/div>\n\t\t<\/div>\n\t\t\t\t\t<\/div>\n\t\t<\/section>\n\t\t\t\t<section class=\"elementor-section elementor-top-section elementor-element elementor-element-4aaabb8a elementor-section-boxed elementor-section-height-default elementor-section-height-default\" data-id=\"4aaabb8a\" data-element_type=\"section\">\n\t\t\t\t\t\t<div class=\"elementor-container elementor-column-gap-default\">\n\t\t\t\t\t<div class=\"elementor-column elementor-col-100 elementor-top-column elementor-element elementor-element-3f6d0714\" data-id=\"3f6d0714\" data-element_type=\"column\">\n\t\t\t<div class=\"elementor-widget-wrap elementor-element-populated\">\n\t\t\t\t\t\t<div class=\"elementor-element elementor-element-74e6e1cc elementor-widget elementor-widget-houzez_elementor_space\" data-id=\"74e6e1cc\" data-element_type=\"widget\" data-widget_type=\"houzez_elementor_space.default\">\n\t\t\t\t<div class=\"elementor-widget-container\">\n\t\t\t\t\t        <div class=\"houzez-spacer\">\n            <div class=\"houzez-spacer-inner\"><\/div>\n        <\/div>\n        \t\t\t\t<\/div>\n\t\t\t\t<\/div>\n\t\t\t\t<div class=\"elementor-element elementor-element-7ca8b8e4 elementor-widget elementor-widget-heading\" data-id=\"7ca8b8e4\" data-element_type=\"widget\" data-widget_type=\"heading.default\">\n\t\t\t\t<div class=\"elementor-widget-container\">\n\t\t\t\t\t<h2 class=\"elementor-heading-title elementor-size-large\">Mallorca Property &amp; Lifestyle Blog<\/h2>\t\t\t\t<\/div>\n\t\t\t\t<\/div>\n\t\t\t\t<div class=\"elementor-element elementor-element-6e909d31 elementor-widget elementor-widget-heading\" data-id=\"6e909d31\" data-element_type=\"widget\" data-widget_type=\"heading.default\">\n\t\t\t\t<div class=\"elementor-widget-container\">\n\t\t\t\t\t<p class=\"elementor-heading-title elementor-size-medium\">Noticias sobre la vida en Mallorca<\/p>\t\t\t\t<\/div>\n\t\t\t\t<\/div>\n\t\t\t\t<div class=\"elementor-element elementor-element-5758d403 elementor-widget elementor-widget-houzez_elementor_space\" data-id=\"5758d403\" data-element_type=\"widget\" data-widget_type=\"houzez_elementor_space.default\">\n\t\t\t\t<div class=\"elementor-widget-container\">\n\t\t\t\t\t        <div class=\"houzez-spacer\">\n            <div class=\"houzez-spacer-inner\"><\/div>\n        <\/div>\n        \t\t\t\t<\/div>\n\t\t\t\t<\/div>\n\t\t\t\t<div class=\"elementor-element elementor-element-1b71c2ca elementor-widget elementor-widget-houzez_elementor_blog_posts\" data-id=\"1b71c2ca\" data-element_type=\"widget\" data-widget_type=\"houzez_elementor_blog_posts.default\">\n\t\t\t\t<div class=\"elementor-widget-container\">\n\t\t\t\t\t\n        <div class=\"blog-posts-module blog-posts-module-v1\">\n            <div class=\"row row-cols-1 row-cols-md-2 row-cols-lg-3 g-3\">\n                <div class=\"blog-post-item-wrap\">\n\t<div id=\"post-10067\" class=\"blog-post-item blog-post-item-v1 mb-3 post-10067 post type-post status-publish format-standard has-post-thumbnail hentry category-immobilie-kaufen category-mallorca tag-finca tag-mallorca tag-real-estate tag-villa\">\n\t\t\n\t\t\t\t<div class=\"blog-post-thumb\">\n\t\t\t<a href=\"https:\/\/claus-von-benz.com\/es\/procedimiento-acelerado-de-okupacion-lo-que-deben-saber-los-propietarios-de-inmuebles-en-mallorca\/\" class=\"hover-effect image-wrap\">\n\t\t\t\t<img decoding=\"async\" width=\"1440\" height=\"900\" src=\"https:\/\/claus-von-benz.com\/wp-content\/uploads\/2024\/11\/mallorca-blog_schnellverfahren-hausbesetzungen-min.jpg\" class=\"img-fluid wp-post-image\" alt=\"mallorca blog fast-track squatting min\" srcset=\"https:\/\/claus-von-benz.com\/wp-content\/uploads\/2024\/11\/mallorca-blog_schnellverfahren-hausbesetzungen-min.jpg 1440w, https:\/\/claus-von-benz.com\/wp-content\/uploads\/2024\/11\/mallorca-blog_schnellverfahren-hausbesetzungen-min-300x188.jpg 300w, https:\/\/claus-von-benz.com\/wp-content\/uploads\/2024\/11\/mallorca-blog_schnellverfahren-hausbesetzungen-min-1024x640.jpg 1024w, https:\/\/claus-von-benz.com\/wp-content\/uploads\/2024\/11\/mallorca-blog_schnellverfahren-hausbesetzungen-min-768x480.jpg 768w, https:\/\/claus-von-benz.com\/wp-content\/uploads\/2024\/11\/mallorca-blog_schnellverfahren-hausbesetzungen-min-18x12.jpg 18w, https:\/\/claus-von-benz.com\/wp-content\/uploads\/2024\/11\/mallorca-blog_schnellverfahren-hausbesetzungen-min-960x600.jpg 960w, https:\/\/claus-von-benz.com\/wp-content\/uploads\/2024\/11\/mallorca-blog_schnellverfahren-hausbesetzungen-min-496x310.jpg 496w\" sizes=\"(max-width: 1440px) 100vw, 1440px\" \/>\t\t\t<\/a>\n\t\t<\/div><!-- blog-post-thumb -->\n\t\t\n\t\t<div class=\"blog-post-content-wrap\">\n\t\t\t<div class=\"blog-post-meta small\">\n\t\t\t\t<ul class=\"list-inline d-flex align-items-center mb-1\">\n\t\t\t\t\t\n\t\t\t\t\t\n\t\t\t\t<\/ul>\n\t\t\t<\/div><!-- blog-post-meta -->\n\t\t\t<div class=\"blog-post-title\">\n\t\t\t\t<h3 class=\"mb-1\"><a href=\"https:\/\/claus-von-benz.com\/es\/procedimiento-acelerado-de-okupacion-lo-que-deben-saber-los-propietarios-de-inmuebles-en-mallorca\/\">Procedimiento abreviado por okupaci\u00f3n - Lo que deben saber los propietarios en Mallorca<\/a><\/h3>\n\t\t\t<\/div><!-- blog-post-title -->\n\t\t\t<div class=\"blog-post-body mb-1\">\n\t\t\t\tEl 14 de noviembre de 2024, el Congreso espa\u00f1ol aprob\u00f3 una importante enmienda a la ley que...\t\t\t<\/div><!-- blog-post-body -->\n\t\t\t<div class=\"blog-post-link small\">\n\t\t\t\t<a href=\"https:\/\/claus-von-benz.com\/es\/procedimiento-acelerado-de-okupacion-lo-que-deben-saber-los-propietarios-de-inmuebles-en-mallorca\/\">Seguir leyendo<\/a>\n\t\t\t<\/div><!-- blog-post-link -->\n\t\t<\/div><!-- blog-post-content-wrap -->\n\t\t\t<\/div><!-- blog-post-item -->\n<\/div><!-- blog-post-item-wrap --><div class=\"blog-post-item-wrap\">\n\t<div id=\"post-9040\" class=\"blog-post-item blog-post-item-v1 mb-3 post-9040 post type-post status-publish format-standard has-post-thumbnail hentry category-bauen category-baugenehmigung category-construction category-mallorca tag-bauen tag-hausbau tag-mallorca\">\n\t\t\n\t\t\t\t<div class=\"blog-post-thumb\">\n\t\t\t<a href=\"https:\/\/claus-von-benz.com\/es\/la-amnistia-del-gobierno-insular-una-oportunidad-para-legalizar-la-propiedad-en-suelo-rustico\/\" class=\"hover-effect image-wrap\">\n\t\t\t\t<img decoding=\"async\" width=\"1440\" height=\"900\" src=\"https:\/\/claus-von-benz.com\/wp-content\/uploads\/2024\/10\/mallorca-blog_amnestie-legalisierung.jpg\" class=\"img-fluid wp-post-image\" alt=\"mallorca blog amnist\u00eda legalizaci\u00f3n\" srcset=\"https:\/\/claus-von-benz.com\/wp-content\/uploads\/2024\/10\/mallorca-blog_amnestie-legalisierung.jpg 1440w, https:\/\/claus-von-benz.com\/wp-content\/uploads\/2024\/10\/mallorca-blog_amnestie-legalisierung-300x188.jpg 300w, https:\/\/claus-von-benz.com\/wp-content\/uploads\/2024\/10\/mallorca-blog_amnestie-legalisierung-1024x640.jpg 1024w, https:\/\/claus-von-benz.com\/wp-content\/uploads\/2024\/10\/mallorca-blog_amnestie-legalisierung-768x480.jpg 768w, https:\/\/claus-von-benz.com\/wp-content\/uploads\/2024\/10\/mallorca-blog_amnestie-legalisierung-18x12.jpg 18w, https:\/\/claus-von-benz.com\/wp-content\/uploads\/2024\/10\/mallorca-blog_amnestie-legalisierung-960x600.jpg 960w, https:\/\/claus-von-benz.com\/wp-content\/uploads\/2024\/10\/mallorca-blog_amnestie-legalisierung-496x310.jpg 496w\" sizes=\"(max-width: 1440px) 100vw, 1440px\" \/>\t\t\t<\/a>\n\t\t<\/div><!-- blog-post-thumb -->\n\t\t\n\t\t<div class=\"blog-post-content-wrap\">\n\t\t\t<div class=\"blog-post-meta small\">\n\t\t\t\t<ul class=\"list-inline d-flex align-items-center mb-1\">\n\t\t\t\t\t\n\t\t\t\t\t\n\t\t\t\t<\/ul>\n\t\t\t<\/div><!-- blog-post-meta -->\n\t\t\t<div class=\"blog-post-title\">\n\t\t\t\t<h3 class=\"mb-1\"><a href=\"https:\/\/claus-von-benz.com\/es\/la-amnistia-del-gobierno-insular-una-oportunidad-para-legalizar-la-propiedad-en-suelo-rustico\/\">Amnist\u00eda del Gobierno insular: una oportunidad para legalizar las propiedades en suelo r\u00fastico<\/a><\/h3>\n\t\t\t<\/div><!-- blog-post-title -->\n\t\t\t<div class=\"blog-post-body mb-1\">\n\t\t\t\tEl gobierno balear ha introducido recientemente una amnist\u00eda que permite a los inmigrantes ilegales...\t\t\t<\/div><!-- blog-post-body -->\n\t\t\t<div class=\"blog-post-link small\">\n\t\t\t\t<a href=\"https:\/\/claus-von-benz.com\/es\/la-amnistia-del-gobierno-insular-una-oportunidad-para-legalizar-la-propiedad-en-suelo-rustico\/\">Seguir leyendo<\/a>\n\t\t\t<\/div><!-- blog-post-link -->\n\t\t<\/div><!-- blog-post-content-wrap -->\n\t\t\t<\/div><!-- blog-post-item -->\n<\/div><!-- blog-post-item-wrap --><div class=\"blog-post-item-wrap\">\n\t<div id=\"post-8759\" class=\"blog-post-item blog-post-item-v1 mb-3 post-8759 post type-post status-publish format-standard has-post-thumbnail hentry category-lifestyle category-mallorca tag-arbeiten-auf-mallorca tag-lifestyle tag-mallorca\">\n\t\t\n\t\t\t\t<div class=\"blog-post-thumb\">\n\t\t\t<a href=\"https:\/\/claus-von-benz.com\/es\/mallorca-el-paraiso-del-trabajo-a-distancia-en-todo-el-mundo\/\" class=\"hover-effect image-wrap\">\n\t\t\t\t<img loading=\"lazy\" decoding=\"async\" width=\"1440\" height=\"900\" src=\"https:\/\/claus-von-benz.com\/wp-content\/uploads\/2024\/09\/mallorca-blog_vom_remote-work.jpg\" class=\"img-fluid wp-post-image\" alt=\"mallorca blog desde trabajo remoto\" srcset=\"https:\/\/claus-von-benz.com\/wp-content\/uploads\/2024\/09\/mallorca-blog_vom_remote-work.jpg 1440w, https:\/\/claus-von-benz.com\/wp-content\/uploads\/2024\/09\/mallorca-blog_vom_remote-work-300x188.jpg 300w, https:\/\/claus-von-benz.com\/wp-content\/uploads\/2024\/09\/mallorca-blog_vom_remote-work-1024x640.jpg 1024w, https:\/\/claus-von-benz.com\/wp-content\/uploads\/2024\/09\/mallorca-blog_vom_remote-work-768x480.jpg 768w, https:\/\/claus-von-benz.com\/wp-content\/uploads\/2024\/09\/mallorca-blog_vom_remote-work-18x12.jpg 18w, https:\/\/claus-von-benz.com\/wp-content\/uploads\/2024\/09\/mallorca-blog_vom_remote-work-960x600.jpg 960w, https:\/\/claus-von-benz.com\/wp-content\/uploads\/2024\/09\/mallorca-blog_vom_remote-work-496x310.jpg 496w\" sizes=\"(max-width: 1440px) 100vw, 1440px\" \/>\t\t\t<\/a>\n\t\t<\/div><!-- blog-post-thumb -->\n\t\t\n\t\t<div class=\"blog-post-content-wrap\">\n\t\t\t<div class=\"blog-post-meta small\">\n\t\t\t\t<ul class=\"list-inline d-flex align-items-center mb-1\">\n\t\t\t\t\t\n\t\t\t\t\t\n\t\t\t\t<\/ul>\n\t\t\t<\/div><!-- blog-post-meta -->\n\t\t\t<div class=\"blog-post-title\">\n\t\t\t\t<h3 class=\"mb-1\"><a href=\"https:\/\/claus-von-benz.com\/es\/mallorca-el-paraiso-del-trabajo-a-distancia-en-todo-el-mundo\/\">Mallorca: EL para\u00edso mundial del trabajo a distancia<\/a><\/h3>\n\t\t\t<\/div><!-- blog-post-title -->\n\t\t\t<div class=\"blog-post-body mb-1\">\n\t\t\t\tMallorca se ha consolidado como el principal destino mundial para el trabajo a distancia. Seg\u00fan un reciente...\t\t\t<\/div><!-- blog-post-body -->\n\t\t\t<div class=\"blog-post-link small\">\n\t\t\t\t<a href=\"https:\/\/claus-von-benz.com\/es\/mallorca-el-paraiso-del-trabajo-a-distancia-en-todo-el-mundo\/\">Seguir leyendo<\/a>\n\t\t\t<\/div><!-- blog-post-link -->\n\t\t<\/div><!-- blog-post-content-wrap -->\n\t\t\t<\/div><!-- blog-post-item -->\n<\/div><!-- blog-post-item-wrap -->            <\/div>\n        <\/div>\n\n        \t\t\t\t<\/div>\n\t\t\t\t<\/div>\n\t\t\t\t\t<\/div>\n\t\t<\/div>\n\t\t\t\t\t<\/div>\n\t\t<\/section>\n\t\t\t\t<\/div>","protected":false},"excerpt":{"rendered":"<p>&gt; Volver a Mallorca Insights Visi\u00f3n general Permiso militar para ciudadanos de fuera de la UE como requisito para comprar propiedades r\u00fasticas en Mallorca Mallorca, la isla m\u00e1s grande de las Baleares, es conocida por sus impresionantes playas, su vibrante vida nocturna y su rica cultura. Pero fuera de las rutas tur\u00edsticas m\u00e1s frecuentadas hay un tipo especial de propiedades, las propiedades r\u00fasticas, que se encuentran en zonas rurales de la [...]<\/p>","protected":false},"author":2,"featured_media":0,"parent":2106,"menu_order":1,"comment_status":"closed","ping_status":"closed","template":"elementor_header_footer","meta":{"_seopress_robots_primary_cat":"","_seopress_titles_title":"","_seopress_titles_desc":"","_seopress_robots_index":"","om_disable_all_campaigns":false,"_uf_show_specific_survey":0,"_uf_disable_surveys":false,"footnotes":""},"class_list":["post-4541","page","type-page","status-publish","hentry"],"_links":{"self":[{"href":"https:\/\/claus-von-benz.com\/es\/wp-json\/wp\/v2\/pages\/4541","targetHints":{"allow":["GET"]}}],"collection":[{"href":"https:\/\/claus-von-benz.com\/es\/wp-json\/wp\/v2\/pages"}],"about":[{"href":"https:\/\/claus-von-benz.com\/es\/wp-json\/wp\/v2\/types\/page"}],"author":[{"embeddable":true,"href":"https:\/\/claus-von-benz.com\/es\/wp-json\/wp\/v2\/users\/2"}],"replies":[{"embeddable":true,"href":"https:\/\/claus-von-benz.com\/es\/wp-json\/wp\/v2\/comments?post=4541"}],"version-history":[{"count":20,"href":"https:\/\/claus-von-benz.com\/es\/wp-json\/wp\/v2\/pages\/4541\/revisions"}],"predecessor-version":[{"id":4916,"href":"https:\/\/claus-von-benz.com\/es\/wp-json\/wp\/v2\/pages\/4541\/revisions\/4916"}],"up":[{"embeddable":true,"href":"https:\/\/claus-von-benz.com\/es\/wp-json\/wp\/v2\/pages\/2106"}],"wp:attachment":[{"href":"https:\/\/claus-von-benz.com\/es\/wp-json\/wp\/v2\/media?parent=4541"}],"curies":[{"name":"wp","href":"https:\/\/api.w.org\/{rel}","templated":true}]}}