{"id":4632,"date":"2023-11-10T10:23:18","date_gmt":"2023-11-10T10:23:18","guid":{"rendered":"https:\/\/clausvonbenz-03919201.wptestserver.de\/?page_id=4632"},"modified":"2023-11-10T10:27:05","modified_gmt":"2023-11-10T10:27:05","slug":"cycling-in-mallorca","status":"publish","type":"page","link":"https:\/\/claus-von-benz.com\/en\/mallorca-insights\/cycling-in-mallorca\/","title":{"rendered":"Cycling in Mallorca"},"content":{"rendered":"<div data-elementor-type=\"wp-post\" data-elementor-id=\"4632\" class=\"elementor elementor-4632\" data-elementor-post-type=\"page\">\n\t\t\t\t\t\t<section class=\"elementor-section elementor-top-section elementor-element elementor-element-ff26425 elementor-section-boxed elementor-section-height-default elementor-section-height-default\" data-id=\"ff26425\" data-element_type=\"section\">\n\t\t\t\t\t\t<div class=\"elementor-container elementor-column-gap-default\">\n\t\t\t\t\t<div class=\"elementor-column elementor-col-100 elementor-top-column elementor-element elementor-element-7f5ddf5\" data-id=\"7f5ddf5\" data-element_type=\"column\">\n\t\t\t<div class=\"elementor-widget-wrap elementor-element-populated\">\n\t\t\t\t\t\t<div class=\"elementor-element elementor-element-735a5de elementor-widget elementor-widget-spacer\" data-id=\"735a5de\" data-element_type=\"widget\" data-widget_type=\"spacer.default\">\n\t\t\t\t<div class=\"elementor-widget-container\">\n\t\t\t\t\t\t\t<div class=\"elementor-spacer\">\n\t\t\t<div class=\"elementor-spacer-inner\"><\/div>\n\t\t<\/div>\n\t\t\t\t\t\t<\/div>\n\t\t\t\t<\/div>\n\t\t\t\t<div class=\"elementor-element elementor-element-7879b5f elementor-widget elementor-widget-text-editor\" data-id=\"7879b5f\" data-element_type=\"widget\" data-widget_type=\"text-editor.default\">\n\t\t\t\t<div class=\"elementor-widget-container\">\n\t\t\t\t\t\t\t\t\t<p><a href=\"https:\/\/claus-von-benz.com\/en\/mallorca-insights\/\">&gt; Back to Mallorca Insights overview<\/a><\/p>\t\t\t\t\t\t\t\t<\/div>\n\t\t\t\t<\/div>\n\t\t\t\t<div class=\"elementor-element elementor-element-349a026 elementor-widget elementor-widget-heading\" data-id=\"349a026\" data-element_type=\"widget\" data-widget_type=\"heading.default\">\n\t\t\t\t<div class=\"elementor-widget-container\">\n\t\t\t\t\t<h2 class=\"elementor-heading-title elementor-size-default\">Mallorca - A paradise for cyclists<\/h2>\t\t\t\t<\/div>\n\t\t\t\t<\/div>\n\t\t\t\t<div class=\"elementor-element elementor-element-a9aecd3 elementor-widget elementor-widget-heading\" data-id=\"a9aecd3\" data-element_type=\"widget\" data-widget_type=\"heading.default\">\n\t\t\t\t<div class=\"elementor-widget-container\">\n\t\t\t\t\t<h5 class=\"elementor-heading-title elementor-size-default\">What makes cycling on Mallorca so special<\/h5>\t\t\t\t<\/div>\n\t\t\t\t<\/div>\n\t\t\t\t<div class=\"elementor-element elementor-element-09fa90c elementor-widget elementor-widget-spacer\" data-id=\"09fa90c\" data-element_type=\"widget\" data-widget_type=\"spacer.default\">\n\t\t\t\t<div class=\"elementor-widget-container\">\n\t\t\t\t\t\t\t<div class=\"elementor-spacer\">\n\t\t\t<div class=\"elementor-spacer-inner\"><\/div>\n\t\t<\/div>\n\t\t\t\t\t\t<\/div>\n\t\t\t\t<\/div>\n\t\t\t\t<div class=\"elementor-element elementor-element-6efba26 elementor-widget elementor-widget-text-editor\" data-id=\"6efba26\" data-element_type=\"widget\" data-widget_type=\"text-editor.default\">\n\t\t\t\t<div class=\"elementor-widget-container\">\n\t\t\t\t\t\t\t\t\t<p data-wp-editing=\"1\">In recent years, the island has become one of the most popular cycling destinations in Europe. This is not only due to the mild climate and over 300 days of sunshine a year, but also to the excellent infrastructure that cyclists can find here. From flat coastal roads and gentle hills to challenging mountain passages in the Tramuntana mountains - the island offers perfect conditions for every requirement and taste.<\/p>\t\t\t\t\t\t\t\t<\/div>\n\t\t\t\t<\/div>\n\t\t\t\t\t<\/div>\n\t\t<\/div>\n\t\t\t\t\t<\/div>\n\t\t<\/section>\n\t\t\t\t<section class=\"elementor-section elementor-top-section elementor-element elementor-element-abf8b23 elementor-section-boxed elementor-section-height-default elementor-section-height-default\" data-id=\"abf8b23\" data-element_type=\"section\">\n\t\t\t\t\t\t<div class=\"elementor-container elementor-column-gap-default\">\n\t\t\t\t\t<div class=\"elementor-column elementor-col-100 elementor-top-column elementor-element elementor-element-62931cf\" data-id=\"62931cf\" data-element_type=\"column\">\n\t\t\t<div class=\"elementor-widget-wrap elementor-element-populated\">\n\t\t\t\t\t\t<div class=\"elementor-element elementor-element-0057bfa elementor-widget elementor-widget-image\" data-id=\"0057bfa\" data-element_type=\"widget\" data-widget_type=\"image.default\">\n\t\t\t\t<div class=\"elementor-widget-container\">\n\t\t\t\t\t\t\t\t\t\t\t\t\t\t\t<img fetchpriority=\"high\" decoding=\"async\" width=\"1440\" height=\"500\" src=\"https:\/\/claus-von-benz.com\/wp-content\/uploads\/2023\/11\/mallorca_insights_radfahren.jpg\" class=\"attachment-full size-full wp-image-4634\" alt=\"mallorca insights cycling real estate Mallorca - Luxury properties, fincas and luxury apartments for sale in Mallorca - Claus von Benz Real Estate Mallorca\" srcset=\"https:\/\/claus-von-benz.com\/wp-content\/uploads\/2023\/11\/mallorca_insights_radfahren.jpg 1440w, https:\/\/claus-von-benz.com\/wp-content\/uploads\/2023\/11\/mallorca_insights_radfahren-300x104.jpg 300w, https:\/\/claus-von-benz.com\/wp-content\/uploads\/2023\/11\/mallorca_insights_radfahren-1024x356.jpg 1024w, https:\/\/claus-von-benz.com\/wp-content\/uploads\/2023\/11\/mallorca_insights_radfahren-768x267.jpg 768w, https:\/\/claus-von-benz.com\/wp-content\/uploads\/2023\/11\/mallorca_insights_radfahren-496x172.jpg 496w\" sizes=\"(max-width: 1440px) 100vw, 1440px\" \/>\t\t\t\t\t\t\t\t\t\t\t\t\t\t\t<\/div>\n\t\t\t\t<\/div>\n\t\t\t\t<div class=\"elementor-element elementor-element-2bce3fb elementor-widget elementor-widget-houzez_elementor_space\" data-id=\"2bce3fb\" data-element_type=\"widget\" data-widget_type=\"houzez_elementor_space.default\">\n\t\t\t\t<div class=\"elementor-widget-container\">\n\t\t\t\t\t        <div class=\"houzez-spacer\">\n            <div class=\"houzez-spacer-inner\"><\/div>\n        <\/div>\n        \t\t\t\t<\/div>\n\t\t\t\t<\/div>\n\t\t\t\t\t<\/div>\n\t\t<\/div>\n\t\t\t\t\t<\/div>\n\t\t<\/section>\n\t\t\t\t<section class=\"elementor-section elementor-top-section elementor-element elementor-element-abca353 elementor-section-boxed elementor-section-height-default elementor-section-height-default\" data-id=\"abca353\" data-element_type=\"section\">\n\t\t\t\t\t\t<div class=\"elementor-container elementor-column-gap-default\">\n\t\t\t\t\t<div class=\"elementor-column elementor-col-100 elementor-top-column elementor-element elementor-element-cbccaac\" data-id=\"cbccaac\" data-element_type=\"column\">\n\t\t\t<div class=\"elementor-widget-wrap elementor-element-populated\">\n\t\t\t\t\t\t<div class=\"elementor-element elementor-element-ff5b22e elementor-widget elementor-widget-text-editor\" data-id=\"ff5b22e\" data-element_type=\"widget\" data-widget_type=\"text-editor.default\">\n\t\t\t\t<div class=\"elementor-widget-container\">\n\t\t\t\t\t\t\t\t\t<p><strong>Diverse routes<\/strong><br \/>It is not without reason that ALL of the world's professional cycling teams regularly train on Mallorca. The region around Pollen\u00e7a and Alc\u00fadia in the north offers flat to hilly routes along the coast and is particularly popular with beginners and leisure cyclists. However, the proximity to the mountains also offers challenges for more ambitious riders. In the south, the area around Santa Maria and Alar\u00f3 offers access to the legendary serpentines of the Tramuntana mountains, while the western coast around S\u00f3ller, Dei\u00e0 and Valldemossa offers spectacular views and challenging climbs.<\/p><p><strong>Investing in the future<\/strong><br \/>Owning a property in Mallorca not only means investing in a place that enjoys great popularity, but also in a quality of life that is second to none. Claus von Benz Immobilien shows you how to find your new home in the best locations in Mallorca, ideal for cyclists. Imagine starting your day with a tour through the picturesque countryside and then returning to your own home - a dream we would like to fulfill.<\/p><p><strong>Conclusion<\/strong><br \/>Mallorca offers a unique combination of cyclist-friendly infrastructure, breathtaking nature and a vibrant real estate market. Whether you are looking for a quiet place to get away from it all or an investment that brings joy and returns - with Claus von Benz Immobilien you will find the perfect property in a cyclist's paradise. Contact us and let's make your dream come true together.<\/p>\t\t\t\t\t\t\t\t<\/div>\n\t\t\t\t<\/div>\n\t\t\t\t\t<\/div>\n\t\t<\/div>\n\t\t\t\t\t<\/div>\n\t\t<\/section>\n\t\t\t\t<section class=\"elementor-section elementor-top-section elementor-element elementor-element-4aaabb8a elementor-section-boxed elementor-section-height-default elementor-section-height-default\" data-id=\"4aaabb8a\" data-element_type=\"section\">\n\t\t\t\t\t\t<div class=\"elementor-container elementor-column-gap-default\">\n\t\t\t\t\t<div class=\"elementor-column elementor-col-100 elementor-top-column elementor-element elementor-element-3f6d0714\" data-id=\"3f6d0714\" data-element_type=\"column\">\n\t\t\t<div class=\"elementor-widget-wrap elementor-element-populated\">\n\t\t\t\t\t\t<div class=\"elementor-element elementor-element-74e6e1cc elementor-widget elementor-widget-houzez_elementor_space\" data-id=\"74e6e1cc\" data-element_type=\"widget\" data-widget_type=\"houzez_elementor_space.default\">\n\t\t\t\t<div class=\"elementor-widget-container\">\n\t\t\t\t\t        <div class=\"houzez-spacer\">\n            <div class=\"houzez-spacer-inner\"><\/div>\n        <\/div>\n        \t\t\t\t<\/div>\n\t\t\t\t<\/div>\n\t\t\t\t<div class=\"elementor-element elementor-element-7ca8b8e4 elementor-widget elementor-widget-heading\" data-id=\"7ca8b8e4\" data-element_type=\"widget\" data-widget_type=\"heading.default\">\n\t\t\t\t<div class=\"elementor-widget-container\">\n\t\t\t\t\t<h2 class=\"elementor-heading-title elementor-size-large\">Mallorca Real Estate &amp; Lifestyle Blog<\/h2>\t\t\t\t<\/div>\n\t\t\t\t<\/div>\n\t\t\t\t<div class=\"elementor-element elementor-element-6e909d31 elementor-widget elementor-widget-heading\" data-id=\"6e909d31\" data-element_type=\"widget\" data-widget_type=\"heading.default\">\n\t\t\t\t<div class=\"elementor-widget-container\">\n\t\t\t\t\t<p class=\"elementor-heading-title elementor-size-medium\">News about life and living on Mallorca<\/p>\t\t\t\t<\/div>\n\t\t\t\t<\/div>\n\t\t\t\t<div class=\"elementor-element elementor-element-5758d403 elementor-widget elementor-widget-houzez_elementor_space\" data-id=\"5758d403\" data-element_type=\"widget\" data-widget_type=\"houzez_elementor_space.default\">\n\t\t\t\t<div class=\"elementor-widget-container\">\n\t\t\t\t\t        <div class=\"houzez-spacer\">\n            <div class=\"houzez-spacer-inner\"><\/div>\n        <\/div>\n        \t\t\t\t<\/div>\n\t\t\t\t<\/div>\n\t\t\t\t<div class=\"elementor-element elementor-element-1b71c2ca elementor-widget elementor-widget-houzez_elementor_blog_posts\" data-id=\"1b71c2ca\" data-element_type=\"widget\" data-widget_type=\"houzez_elementor_blog_posts.default\">\n\t\t\t\t<div class=\"elementor-widget-container\">\n\t\t\t\t\t\n        <div class=\"blog-posts-module blog-posts-module-v1\">\n            <div class=\"row row-cols-1 row-cols-md-2 row-cols-lg-3 g-3\">\n                <div class=\"blog-post-item-wrap\">\n\t<div id=\"post-10067\" class=\"blog-post-item blog-post-item-v1 mb-3 post-10067 post type-post status-publish format-standard has-post-thumbnail hentry category-immobilie-kaufen category-mallorca tag-finca tag-mallorca tag-real-estate tag-villa\">\n\t\t\n\t\t\t\t<div class=\"blog-post-thumb\">\n\t\t\t<a href=\"https:\/\/claus-von-benz.com\/en\/fast-track-squatting-procedure-what-property-owners-in-mallorca-should-know\/\" class=\"hover-effect image-wrap\">\n\t\t\t\t<img decoding=\"async\" width=\"1440\" height=\"900\" src=\"https:\/\/claus-von-benz.com\/wp-content\/uploads\/2024\/11\/mallorca-blog_schnellverfahren-hausbesetzungen-min.jpg\" class=\"img-fluid wp-post-image\" alt=\"mallorca blog fast-track squatting min\" srcset=\"https:\/\/claus-von-benz.com\/wp-content\/uploads\/2024\/11\/mallorca-blog_schnellverfahren-hausbesetzungen-min.jpg 1440w, https:\/\/claus-von-benz.com\/wp-content\/uploads\/2024\/11\/mallorca-blog_schnellverfahren-hausbesetzungen-min-300x188.jpg 300w, https:\/\/claus-von-benz.com\/wp-content\/uploads\/2024\/11\/mallorca-blog_schnellverfahren-hausbesetzungen-min-1024x640.jpg 1024w, https:\/\/claus-von-benz.com\/wp-content\/uploads\/2024\/11\/mallorca-blog_schnellverfahren-hausbesetzungen-min-768x480.jpg 768w, https:\/\/claus-von-benz.com\/wp-content\/uploads\/2024\/11\/mallorca-blog_schnellverfahren-hausbesetzungen-min-18x12.jpg 18w, https:\/\/claus-von-benz.com\/wp-content\/uploads\/2024\/11\/mallorca-blog_schnellverfahren-hausbesetzungen-min-960x600.jpg 960w, https:\/\/claus-von-benz.com\/wp-content\/uploads\/2024\/11\/mallorca-blog_schnellverfahren-hausbesetzungen-min-496x310.jpg 496w\" sizes=\"(max-width: 1440px) 100vw, 1440px\" \/>\t\t\t<\/a>\n\t\t<\/div><!-- blog-post-thumb -->\n\t\t\n\t\t<div class=\"blog-post-content-wrap\">\n\t\t\t<div class=\"blog-post-meta small\">\n\t\t\t\t<ul class=\"list-inline d-flex align-items-center mb-1\">\n\t\t\t\t\t\n\t\t\t\t\t\n\t\t\t\t<\/ul>\n\t\t\t<\/div><!-- blog-post-meta -->\n\t\t\t<div class=\"blog-post-title\">\n\t\t\t\t<h3 class=\"mb-1\"><a href=\"https:\/\/claus-von-benz.com\/en\/fast-track-squatting-procedure-what-property-owners-in-mallorca-should-know\/\">Summary proceedings for squatting - What property owners in Mallorca should know<\/a><\/h3>\n\t\t\t<\/div><!-- blog-post-title -->\n\t\t\t<div class=\"blog-post-body mb-1\">\n\t\t\t\tOn November 14, 2024, the Spanish Congress passed an important amendment to the law that...\t\t\t<\/div><!-- blog-post-body -->\n\t\t\t<div class=\"blog-post-link small\">\n\t\t\t\t<a href=\"https:\/\/claus-von-benz.com\/en\/fast-track-squatting-procedure-what-property-owners-in-mallorca-should-know\/\">Continue reading<\/a>\n\t\t\t<\/div><!-- blog-post-link -->\n\t\t<\/div><!-- blog-post-content-wrap -->\n\t\t\t<\/div><!-- blog-post-item -->\n<\/div><!-- blog-post-item-wrap --><div class=\"blog-post-item-wrap\">\n\t<div id=\"post-9040\" class=\"blog-post-item blog-post-item-v1 mb-3 post-9040 post type-post status-publish format-standard has-post-thumbnail hentry category-bauen category-baugenehmigung category-construction category-mallorca tag-bauen tag-hausbau tag-mallorca\">\n\t\t\n\t\t\t\t<div class=\"blog-post-thumb\">\n\t\t\t<a href=\"https:\/\/claus-von-benz.com\/en\/island-government-amnesty-an-opportunity-to-legalize-real-estate-on-rustic-land\/\" class=\"hover-effect image-wrap\">\n\t\t\t\t<img decoding=\"async\" width=\"1440\" height=\"900\" src=\"https:\/\/claus-von-benz.com\/wp-content\/uploads\/2024\/10\/mallorca-blog_amnestie-legalisierung.jpg\" class=\"img-fluid wp-post-image\" alt=\"mallorca blog amnesty legalization\" srcset=\"https:\/\/claus-von-benz.com\/wp-content\/uploads\/2024\/10\/mallorca-blog_amnestie-legalisierung.jpg 1440w, https:\/\/claus-von-benz.com\/wp-content\/uploads\/2024\/10\/mallorca-blog_amnestie-legalisierung-300x188.jpg 300w, https:\/\/claus-von-benz.com\/wp-content\/uploads\/2024\/10\/mallorca-blog_amnestie-legalisierung-1024x640.jpg 1024w, https:\/\/claus-von-benz.com\/wp-content\/uploads\/2024\/10\/mallorca-blog_amnestie-legalisierung-768x480.jpg 768w, https:\/\/claus-von-benz.com\/wp-content\/uploads\/2024\/10\/mallorca-blog_amnestie-legalisierung-18x12.jpg 18w, https:\/\/claus-von-benz.com\/wp-content\/uploads\/2024\/10\/mallorca-blog_amnestie-legalisierung-960x600.jpg 960w, https:\/\/claus-von-benz.com\/wp-content\/uploads\/2024\/10\/mallorca-blog_amnestie-legalisierung-496x310.jpg 496w\" sizes=\"(max-width: 1440px) 100vw, 1440px\" \/>\t\t\t<\/a>\n\t\t<\/div><!-- blog-post-thumb -->\n\t\t\n\t\t<div class=\"blog-post-content-wrap\">\n\t\t\t<div class=\"blog-post-meta small\">\n\t\t\t\t<ul class=\"list-inline d-flex align-items-center mb-1\">\n\t\t\t\t\t\n\t\t\t\t\t\n\t\t\t\t<\/ul>\n\t\t\t<\/div><!-- blog-post-meta -->\n\t\t\t<div class=\"blog-post-title\">\n\t\t\t\t<h3 class=\"mb-1\"><a href=\"https:\/\/claus-von-benz.com\/en\/island-government-amnesty-an-opportunity-to-legalize-real-estate-on-rustic-land\/\">Amnesty from the island government: an opportunity to legalize real estate on rustic land<\/a><\/h3>\n\t\t\t<\/div><!-- blog-post-title -->\n\t\t\t<div class=\"blog-post-body mb-1\">\n\t\t\t\tThe Balearic government has recently introduced an amnesty that allows illegal immigrants to...\t\t\t<\/div><!-- blog-post-body -->\n\t\t\t<div class=\"blog-post-link small\">\n\t\t\t\t<a href=\"https:\/\/claus-von-benz.com\/en\/island-government-amnesty-an-opportunity-to-legalize-real-estate-on-rustic-land\/\">Continue reading<\/a>\n\t\t\t<\/div><!-- blog-post-link -->\n\t\t<\/div><!-- blog-post-content-wrap -->\n\t\t\t<\/div><!-- blog-post-item -->\n<\/div><!-- blog-post-item-wrap --><div class=\"blog-post-item-wrap\">\n\t<div id=\"post-8759\" class=\"blog-post-item blog-post-item-v1 mb-3 post-8759 post type-post status-publish format-standard has-post-thumbnail hentry category-lifestyle category-mallorca tag-arbeiten-auf-mallorca tag-lifestyle tag-mallorca\">\n\t\t\n\t\t\t\t<div class=\"blog-post-thumb\">\n\t\t\t<a href=\"https:\/\/claus-von-benz.com\/en\/mallorca-the-paradise-for-remote-work-worldwide\/\" class=\"hover-effect image-wrap\">\n\t\t\t\t<img loading=\"lazy\" decoding=\"async\" width=\"1440\" height=\"900\" src=\"https:\/\/claus-von-benz.com\/wp-content\/uploads\/2024\/09\/mallorca-blog_vom_remote-work.jpg\" class=\"img-fluid wp-post-image\" alt=\"mallorca blog from remote work\" srcset=\"https:\/\/claus-von-benz.com\/wp-content\/uploads\/2024\/09\/mallorca-blog_vom_remote-work.jpg 1440w, https:\/\/claus-von-benz.com\/wp-content\/uploads\/2024\/09\/mallorca-blog_vom_remote-work-300x188.jpg 300w, https:\/\/claus-von-benz.com\/wp-content\/uploads\/2024\/09\/mallorca-blog_vom_remote-work-1024x640.jpg 1024w, https:\/\/claus-von-benz.com\/wp-content\/uploads\/2024\/09\/mallorca-blog_vom_remote-work-768x480.jpg 768w, https:\/\/claus-von-benz.com\/wp-content\/uploads\/2024\/09\/mallorca-blog_vom_remote-work-18x12.jpg 18w, https:\/\/claus-von-benz.com\/wp-content\/uploads\/2024\/09\/mallorca-blog_vom_remote-work-960x600.jpg 960w, https:\/\/claus-von-benz.com\/wp-content\/uploads\/2024\/09\/mallorca-blog_vom_remote-work-496x310.jpg 496w\" sizes=\"(max-width: 1440px) 100vw, 1440px\" \/>\t\t\t<\/a>\n\t\t<\/div><!-- blog-post-thumb -->\n\t\t\n\t\t<div class=\"blog-post-content-wrap\">\n\t\t\t<div class=\"blog-post-meta small\">\n\t\t\t\t<ul class=\"list-inline d-flex align-items-center mb-1\">\n\t\t\t\t\t\n\t\t\t\t\t\n\t\t\t\t<\/ul>\n\t\t\t<\/div><!-- blog-post-meta -->\n\t\t\t<div class=\"blog-post-title\">\n\t\t\t\t<h3 class=\"mb-1\"><a href=\"https:\/\/claus-von-benz.com\/en\/mallorca-the-paradise-for-remote-work-worldwide\/\">Mallorca: THE paradise for remote work worldwide<\/a><\/h3>\n\t\t\t<\/div><!-- blog-post-title -->\n\t\t\t<div class=\"blog-post-body mb-1\">\n\t\t\t\tMallorca has established itself as the world's leading destination for remote work. According to a recent...\t\t\t<\/div><!-- blog-post-body -->\n\t\t\t<div class=\"blog-post-link small\">\n\t\t\t\t<a href=\"https:\/\/claus-von-benz.com\/en\/mallorca-the-paradise-for-remote-work-worldwide\/\">Continue reading<\/a>\n\t\t\t<\/div><!-- blog-post-link -->\n\t\t<\/div><!-- blog-post-content-wrap -->\n\t\t\t<\/div><!-- blog-post-item -->\n<\/div><!-- blog-post-item-wrap -->            <\/div>\n        <\/div>\n\n        \t\t\t\t<\/div>\n\t\t\t\t<\/div>\n\t\t\t\t\t<\/div>\n\t\t<\/div>\n\t\t\t\t\t<\/div>\n\t\t<\/section>\n\t\t\t\t<\/div>","protected":false},"excerpt":{"rendered":"<p>&gt; Back to Mallorca Insights overview Mallorca - a paradise for cyclists What makes cycling in Mallorca so special The island has become one of the most popular cycling destinations in Europe in recent years. This is not only due to the mild climate and over 300 days of sunshine a year, but also to the excellent [...]<\/p>","protected":false},"author":2,"featured_media":0,"parent":2106,"menu_order":1,"comment_status":"closed","ping_status":"closed","template":"elementor_header_footer","meta":{"_seopress_robots_primary_cat":"","_seopress_titles_title":"","_seopress_titles_desc":"","_seopress_robots_index":"","om_disable_all_campaigns":false,"_uf_show_specific_survey":0,"_uf_disable_surveys":false,"footnotes":""},"class_list":["post-4632","page","type-page","status-publish","hentry"],"_links":{"self":[{"href":"https:\/\/claus-von-benz.com\/en\/wp-json\/wp\/v2\/pages\/4632","targetHints":{"allow":["GET"]}}],"collection":[{"href":"https:\/\/claus-von-benz.com\/en\/wp-json\/wp\/v2\/pages"}],"about":[{"href":"https:\/\/claus-von-benz.com\/en\/wp-json\/wp\/v2\/types\/page"}],"author":[{"embeddable":true,"href":"https:\/\/claus-von-benz.com\/en\/wp-json\/wp\/v2\/users\/2"}],"replies":[{"embeddable":true,"href":"https:\/\/claus-von-benz.com\/en\/wp-json\/wp\/v2\/comments?post=4632"}],"version-history":[{"count":4,"href":"https:\/\/claus-von-benz.com\/en\/wp-json\/wp\/v2\/pages\/4632\/revisions"}],"predecessor-version":[{"id":4637,"href":"https:\/\/claus-von-benz.com\/en\/wp-json\/wp\/v2\/pages\/4632\/revisions\/4637"}],"up":[{"embeddable":true,"href":"https:\/\/claus-von-benz.com\/en\/wp-json\/wp\/v2\/pages\/2106"}],"wp:attachment":[{"href":"https:\/\/claus-von-benz.com\/en\/wp-json\/wp\/v2\/media?parent=4632"}],"curies":[{"name":"wp","href":"https:\/\/api.w.org\/{rel}","templated":true}]}}